{"id":31072,"date":"2024-01-26T12:48:25","date_gmt":"2024-01-26T11:48:25","guid":{"rendered":"https:\/\/misty-fruits.com\/?post_type=product&#038;p=31072"},"modified":"2024-01-26T13:02:34","modified_gmt":"2024-01-26T12:02:34","slug":"agriculteur","status":"publish","type":"product","link":"https:\/\/misty-fruits.com\/en\/boutique\/chausson-cuir-souple-bebe-enfant-adulte\/agriculteur\/","title":{"rendered":"Agriculteur"},"content":{"rendered":"<h3 style=\"text-align: center;\">Descriptif des chaussons en cuir Agriculteur<\/h3>\n<p>Plongez dans l&rsquo;univers rural avec style et confort gr\u00e2ce \u00e0 ces chaussons en cuir orn\u00e9s de motifs de coq et de tracteur ! Con\u00e7us pour offrir une sensation de bien-\u00eatre d\u00e8s les premiers pas, ces chaussons sont fabriqu\u00e9s \u00e0 partir de cuir de haute qualit\u00e9, assurant confort et durabilit\u00e9. Les semelles antid\u00e9rapantes garantissent une stabilit\u00e9 accrue, tandis que le cuir respirant \u00e9vite la transpiration excessive.<\/p>\n<p>Les motifs de coq et de tracteur, soigneusement fix\u00e9s sur du cuir souple, ajoutent une touche champ\u00eatre et authentique \u00e0 ces chaussons. Fabriqu\u00e9s \u00e0 la main en France au moment de votre commande, ils t\u00e9moignent du savoir-faire artisanal.<\/p>\n<p>Disponibles dans un large \u00e9ventail de pointures, ces chaussons conviennent \u00e0 toute la famille, offrant \u00e0 chacun la possibilit\u00e9 de s&rsquo;immerger dans l&rsquo;univers agricole avec style et confort.<\/p>","protected":false},"excerpt":{"rendered":"<ul>\n<li>Genuine suede leather: Chocolate color (dark brown)<\/li>\n<li>Motif : Coq et tracteur<\/li>\n<li>Non-slip leather soles<\/li>\n<li>Possibility to add fur soles inside<\/li>\n<li>The leather slippers will be carefully packaged in a pretty bag<\/li>\n<\/ul>","protected":false},"featured_media":31073,"template":"","meta":[],"product_cat":[24,23],"product_tag":[25],"class_list":{"0":"post-31072","1":"product","2":"type-product","3":"status-publish","4":"has-post-thumbnail","6":"product_cat-les-motifs","7":"product_cat-chausson-cuir-souple-bebe-enfant-adulte","8":"product_tag-garcon","9":"pa_fourrure-semelles-avec-fourrure","10":"pa_fourrure-semelles-sans-fourrure","11":"pa_taille-20-22-12-18-mois","12":"pa_taille-22-23-18-24-mois","13":"pa_taille-24-25","14":"pa_taille-26-27","15":"pa_taille-28-29","16":"pa_taille-30-31","17":"pa_taille-32-33","18":"pa_taille-34-35","19":"pa_taille-36-37","20":"pa_taille-38-39","21":"pa_taille-40-41","22":"pa_taille-42-43","23":"pa_taille-44-45","24":"pa_taille-46-47","25":"pa_taille-48-49","26":"wcpa_has_options","28":"first","29":"instock","30":"shipping-taxable","31":"purchasable","32":"product-type-composite"},"composite_virtual":false,"composite_layout":"single","composite_add_to_cart_form_location":"default","composite_editable_in_cart":false,"composite_sold_individually_context":"product","composite_shop_price_calc":"defaults","composite_components":[{"id":"1568214007","title":"Taille","description":"","query_type":"product_ids","query_ids":[26715],"default_option_id":26715,"thumbnail_id":"","thumbnail_src":"","quantity_min":1,"quantity_max":1,"priced_individually":true,"shipped_individually":false,"optional":false,"discount":"","options_style":"dropdowns","pagination_style":"classic","display_prices":"hidden","show_sorting_options":false,"show_filtering_options":false,"attribute_filter_ids":[],"select_action":"view","product_title_visible":false,"product_descr_visible":false,"product_price_visible":false,"product_thumb_visible":false,"subtotal_visible_product":false,"subtotal_visible_cart":false,"subtotal_visible_orders":false},{"id":"1568214008","title":"Fourrure","description":"","query_type":"product_ids","query_ids":[26157],"default_option_id":26157,"thumbnail_id":"","thumbnail_src":"","quantity_min":1,"quantity_max":1,"priced_individually":true,"shipped_individually":false,"optional":false,"discount":"","options_style":"dropdowns","pagination_style":"classic","display_prices":"hidden","show_sorting_options":false,"show_filtering_options":false,"attribute_filter_ids":[],"select_action":"view","product_title_visible":false,"product_descr_visible":false,"product_price_visible":false,"product_thumb_visible":false,"subtotal_visible_product":false,"subtotal_visible_cart":false,"subtotal_visible_orders":false}],"composite_scenarios":[],"yoast_head":"<!-- This site is optimized with the Yoast SEO plugin v23.3 - https:\/\/yoast.com\/wordpress\/plugins\/seo\/ -->\n<title>Chaussons cuir gar\u00e7on agriculteur - Misty Fruits<\/title>\n<meta name=\"description\" content=\"Chaussons en cuir souple &quot;Agriculteur&quot; de haute qualit\u00e9, confectionn\u00e9s en France dans un petit atelier. Les d\u00e9coupes et la couture sont 100% fait mains.\" \/>\n<meta name=\"robots\" content=\"index, follow, max-snippet:-1, max-image-preview:large, max-video-preview:-1\" \/>\n<link rel=\"canonical\" href=\"https:\/\/misty-fruits.com\/en\/boutique\/chausson-cuir-souple-bebe-enfant-adulte\/agriculteur\/\" \/>\n<meta property=\"og:locale\" content=\"en_GB\" \/>\n<meta property=\"og:type\" content=\"article\" \/>\n<meta property=\"og:title\" content=\"Chaussons cuir gar\u00e7on agriculteur - Misty Fruits\" \/>\n<meta property=\"og:description\" content=\"Chaussons en cuir souple &quot;Agriculteur&quot; de haute qualit\u00e9, confectionn\u00e9s en France dans un petit atelier. Les d\u00e9coupes et la couture sont 100% fait mains.\" \/>\n<meta property=\"og:url\" content=\"https:\/\/misty-fruits.com\/en\/boutique\/chausson-cuir-souple-bebe-enfant-adulte\/agriculteur\/\" \/>\n<meta property=\"og:site_name\" content=\"Misty Fruits\" \/>\n<meta property=\"article:publisher\" content=\"https:\/\/www.facebook.com\/Misty-Fruits-116614398385765\/\" \/>\n<meta property=\"article:modified_time\" content=\"2024-01-26T12:02:34+00:00\" \/>\n<meta property=\"og:image\" content=\"https:\/\/misty-fruits.com\/wp-content\/uploads\/2024\/01\/agriculteur.png\" \/>\n\t<meta property=\"og:image:width\" content=\"710\" \/>\n\t<meta property=\"og:image:height\" content=\"720\" \/>\n\t<meta property=\"og:image:type\" content=\"image\/png\" \/>\n<meta name=\"twitter:card\" content=\"summary_large_image\" \/>\n<meta name=\"twitter:label1\" content=\"Estimated reading time\" \/>\n\t<meta name=\"twitter:data1\" content=\"1 minute\" \/>\n<script type=\"application\/ld+json\" class=\"yoast-schema-graph\">{\"@context\":\"https:\/\/schema.org\",\"@graph\":[{\"@type\":\"WebPage\",\"@id\":\"https:\/\/misty-fruits.com\/boutique\/chausson-cuir-souple-bebe-enfant-adulte\/agriculteur\/\",\"url\":\"https:\/\/misty-fruits.com\/boutique\/chausson-cuir-souple-bebe-enfant-adulte\/agriculteur\/\",\"name\":\"Chaussons cuir gar\u00e7on agriculteur - Misty Fruits\",\"isPartOf\":{\"@id\":\"https:\/\/misty-fruits.com\/#website\"},\"primaryImageOfPage\":{\"@id\":\"https:\/\/misty-fruits.com\/boutique\/chausson-cuir-souple-bebe-enfant-adulte\/agriculteur\/#primaryimage\"},\"image\":{\"@id\":\"https:\/\/misty-fruits.com\/boutique\/chausson-cuir-souple-bebe-enfant-adulte\/agriculteur\/#primaryimage\"},\"thumbnailUrl\":\"https:\/\/misty-fruits.com\/wp-content\/uploads\/2024\/01\/agriculteur.png\",\"datePublished\":\"2024-01-26T11:48:25+00:00\",\"dateModified\":\"2024-01-26T12:02:34+00:00\",\"description\":\"Chaussons en cuir souple \\\"Agriculteur\\\" de haute qualit\u00e9, confectionn\u00e9s en France dans un petit atelier. Les d\u00e9coupes et la couture sont 100% fait mains.\",\"breadcrumb\":{\"@id\":\"https:\/\/misty-fruits.com\/boutique\/chausson-cuir-souple-bebe-enfant-adulte\/agriculteur\/#breadcrumb\"},\"inLanguage\":\"en-GB\",\"potentialAction\":[{\"@type\":\"ReadAction\",\"target\":[\"https:\/\/misty-fruits.com\/boutique\/chausson-cuir-souple-bebe-enfant-adulte\/agriculteur\/\"]}]},{\"@type\":\"ImageObject\",\"inLanguage\":\"en-GB\",\"@id\":\"https:\/\/misty-fruits.com\/boutique\/chausson-cuir-souple-bebe-enfant-adulte\/agriculteur\/#primaryimage\",\"url\":\"https:\/\/misty-fruits.com\/wp-content\/uploads\/2024\/01\/agriculteur.png\",\"contentUrl\":\"https:\/\/misty-fruits.com\/wp-content\/uploads\/2024\/01\/agriculteur.png\",\"width\":710,\"height\":720,\"caption\":\"chaussons-cuir-misty fruits-b\u00e9b\u00e9-adulte-enfants-agriculteur\"},{\"@type\":\"BreadcrumbList\",\"@id\":\"https:\/\/misty-fruits.com\/boutique\/chausson-cuir-souple-bebe-enfant-adulte\/agriculteur\/#breadcrumb\",\"itemListElement\":[{\"@type\":\"ListItem\",\"position\":1,\"name\":\"Accueil\",\"item\":\"https:\/\/misty-fruits.com\/\"},{\"@type\":\"ListItem\",\"position\":2,\"name\":\"Produits\",\"item\":\"https:\/\/misty-fruits.com\/shop\/\"},{\"@type\":\"ListItem\",\"position\":3,\"name\":\"Agriculteur\"}]},{\"@type\":\"WebSite\",\"@id\":\"https:\/\/misty-fruits.com\/#website\",\"url\":\"https:\/\/misty-fruits.com\/\",\"name\":\"Misty Fruits\",\"description\":\"Chaussons en cuir souple pour enfants et adultes\",\"potentialAction\":[{\"@type\":\"SearchAction\",\"target\":{\"@type\":\"EntryPoint\",\"urlTemplate\":\"https:\/\/misty-fruits.com\/?s={search_term_string}\"},\"query-input\":\"required name=search_term_string\"}],\"inLanguage\":\"en-GB\"}]}<\/script>\n<!-- \/ Yoast SEO plugin. -->","yoast_head_json":{"title":"Chaussons cuir gar\u00e7on agriculteur - Misty Fruits","description":"Chaussons en cuir souple \"Agriculteur\" de haute qualit\u00e9, confectionn\u00e9s en France dans un petit atelier. Les d\u00e9coupes et la couture sont 100% fait mains.","robots":{"index":"index","follow":"follow","max-snippet":"max-snippet:-1","max-image-preview":"max-image-preview:large","max-video-preview":"max-video-preview:-1"},"canonical":"https:\/\/misty-fruits.com\/en\/boutique\/chausson-cuir-souple-bebe-enfant-adulte\/agriculteur\/","og_locale":"en_GB","og_type":"article","og_title":"Chaussons cuir gar\u00e7on agriculteur - Misty Fruits","og_description":"Chaussons en cuir souple \"Agriculteur\" de haute qualit\u00e9, confectionn\u00e9s en France dans un petit atelier. Les d\u00e9coupes et la couture sont 100% fait mains.","og_url":"https:\/\/misty-fruits.com\/en\/boutique\/chausson-cuir-souple-bebe-enfant-adulte\/agriculteur\/","og_site_name":"Misty Fruits","article_publisher":"https:\/\/www.facebook.com\/Misty-Fruits-116614398385765\/","article_modified_time":"2024-01-26T12:02:34+00:00","og_image":[{"width":710,"height":720,"url":"https:\/\/misty-fruits.com\/wp-content\/uploads\/2024\/01\/agriculteur.png","type":"image\/png"}],"twitter_card":"summary_large_image","twitter_misc":{"Estimated reading time":"1 minute"},"schema":{"@context":"https:\/\/schema.org","@graph":[{"@type":"WebPage","@id":"https:\/\/misty-fruits.com\/boutique\/chausson-cuir-souple-bebe-enfant-adulte\/agriculteur\/","url":"https:\/\/misty-fruits.com\/boutique\/chausson-cuir-souple-bebe-enfant-adulte\/agriculteur\/","name":"Chaussons cuir gar\u00e7on agriculteur - Misty Fruits","isPartOf":{"@id":"https:\/\/misty-fruits.com\/#website"},"primaryImageOfPage":{"@id":"https:\/\/misty-fruits.com\/boutique\/chausson-cuir-souple-bebe-enfant-adulte\/agriculteur\/#primaryimage"},"image":{"@id":"https:\/\/misty-fruits.com\/boutique\/chausson-cuir-souple-bebe-enfant-adulte\/agriculteur\/#primaryimage"},"thumbnailUrl":"https:\/\/misty-fruits.com\/wp-content\/uploads\/2024\/01\/agriculteur.png","datePublished":"2024-01-26T11:48:25+00:00","dateModified":"2024-01-26T12:02:34+00:00","description":"Chaussons en cuir souple \"Agriculteur\" de haute qualit\u00e9, confectionn\u00e9s en France dans un petit atelier. Les d\u00e9coupes et la couture sont 100% fait mains.","breadcrumb":{"@id":"https:\/\/misty-fruits.com\/boutique\/chausson-cuir-souple-bebe-enfant-adulte\/agriculteur\/#breadcrumb"},"inLanguage":"en-GB","potentialAction":[{"@type":"ReadAction","target":["https:\/\/misty-fruits.com\/boutique\/chausson-cuir-souple-bebe-enfant-adulte\/agriculteur\/"]}]},{"@type":"ImageObject","inLanguage":"en-GB","@id":"https:\/\/misty-fruits.com\/boutique\/chausson-cuir-souple-bebe-enfant-adulte\/agriculteur\/#primaryimage","url":"https:\/\/misty-fruits.com\/wp-content\/uploads\/2024\/01\/agriculteur.png","contentUrl":"https:\/\/misty-fruits.com\/wp-content\/uploads\/2024\/01\/agriculteur.png","width":710,"height":720,"caption":"chaussons-cuir-misty fruits-b\u00e9b\u00e9-adulte-enfants-agriculteur"},{"@type":"BreadcrumbList","@id":"https:\/\/misty-fruits.com\/boutique\/chausson-cuir-souple-bebe-enfant-adulte\/agriculteur\/#breadcrumb","itemListElement":[{"@type":"ListItem","position":1,"name":"Accueil","item":"https:\/\/misty-fruits.com\/"},{"@type":"ListItem","position":2,"name":"Produits","item":"https:\/\/misty-fruits.com\/shop\/"},{"@type":"ListItem","position":3,"name":"Agriculteur"}]},{"@type":"WebSite","@id":"https:\/\/misty-fruits.com\/#website","url":"https:\/\/misty-fruits.com\/","name":"Misty Fruits","description":"Chaussons en cuir souple pour enfants et adultes","potentialAction":[{"@type":"SearchAction","target":{"@type":"EntryPoint","urlTemplate":"https:\/\/misty-fruits.com\/?s={search_term_string}"},"query-input":"required name=search_term_string"}],"inLanguage":"en-GB"}]}},"_links":{"self":[{"href":"https:\/\/misty-fruits.com\/en\/wp-json\/wp\/v2\/product\/31072"}],"collection":[{"href":"https:\/\/misty-fruits.com\/en\/wp-json\/wp\/v2\/product"}],"about":[{"href":"https:\/\/misty-fruits.com\/en\/wp-json\/wp\/v2\/types\/product"}],"wp:featuredmedia":[{"embeddable":true,"href":"https:\/\/misty-fruits.com\/en\/wp-json\/wp\/v2\/media\/31073"}],"wp:attachment":[{"href":"https:\/\/misty-fruits.com\/en\/wp-json\/wp\/v2\/media?parent=31072"}],"wp:term":[{"taxonomy":"product_cat","embeddable":true,"href":"https:\/\/misty-fruits.com\/en\/wp-json\/wp\/v2\/product_cat?post=31072"},{"taxonomy":"product_tag","embeddable":true,"href":"https:\/\/misty-fruits.com\/en\/wp-json\/wp\/v2\/product_tag?post=31072"}],"curies":[{"name":"wp","href":"https:\/\/api.w.org\/{rel}","templated":true}]}}