{"id":28614,"date":"2019-11-05T11:35:25","date_gmt":"2019-11-05T10:35:25","guid":{"rendered":"https:\/\/misty-fruits.com\/?post_type=product&#038;p=28614"},"modified":"2019-11-28T22:55:53","modified_gmt":"2019-11-28T21:55:53","slug":"chute-cuir","status":"publish","type":"product","link":"https:\/\/misty-fruits.com\/en\/boutique\/accessoires\/chute-cuir\/","title":{"rendered":"Bag of leather falls"},"content":{"rendered":"","protected":false},"excerpt":{"rendered":"<h2>Bag of leather falls<\/h2>\n<p>For your creations and meticulous work!<\/p>\n<p>In our workshop, after the cuts of leather, it is frequent that we have small scraps of leather. These leathers come from our <strong>prestigious Italian and French skinners<\/strong>, without PCP, chromium VI or azo dye.<\/p>\n<p>We offer this small sachet with a weight of <strong>100gr<\/strong> : the size of the pieces of leather is variable and the colors are different (red, blue, black, green, pink &amp; #8230 ;.).<\/p>\n<p><strong>Price: 5 \u20ac (100gr sachet)<\/strong><\/p>","protected":false},"featured_media":29109,"template":"","meta":[],"product_cat":[50],"product_tag":[],"class_list":{"0":"post-28614","1":"product","2":"type-product","3":"status-publish","4":"has-post-thumbnail","6":"product_cat-accessoires","8":"first","9":"instock","10":"shipping-taxable","11":"purchasable","12":"product-type-simple"},"composite_virtual":false,"composite_layout":"","composite_add_to_cart_form_location":"","composite_editable_in_cart":false,"composite_sold_individually_context":"","composite_shop_price_calc":"","composite_components":[],"composite_scenarios":[],"yoast_head":"<!-- This site is optimized with the Yoast SEO plugin v23.3 - https:\/\/yoast.com\/wordpress\/plugins\/seo\/ -->\n<title>Sachet de chutes de cuir<\/title>\n<meta name=\"description\" content=\"Sachet de chutes de cuir de tailles et couleurs diff\u00e9rentes (li\u00e9 \u00e0 nos d\u00e9coupes artisanales) : propos\u00e9s dans un sachet de 100gr.\" \/>\n<meta name=\"robots\" content=\"index, follow, max-snippet:-1, max-image-preview:large, max-video-preview:-1\" \/>\n<link rel=\"canonical\" href=\"https:\/\/misty-fruits.com\/en\/boutique\/accessoires\/chute-cuir\/\" \/>\n<meta property=\"og:locale\" content=\"en_GB\" \/>\n<meta property=\"og:type\" content=\"article\" \/>\n<meta property=\"og:title\" content=\"Sachet de chutes de cuir\" \/>\n<meta property=\"og:description\" content=\"Sachet de chutes de cuir de tailles et couleurs diff\u00e9rentes (li\u00e9 \u00e0 nos d\u00e9coupes artisanales) : propos\u00e9s dans un sachet de 100gr.\" \/>\n<meta property=\"og:url\" content=\"https:\/\/misty-fruits.com\/en\/boutique\/accessoires\/chute-cuir\/\" \/>\n<meta property=\"og:site_name\" content=\"Misty Fruits\" \/>\n<meta property=\"article:publisher\" content=\"https:\/\/www.facebook.com\/Misty-Fruits-116614398385765\/\" \/>\n<meta property=\"article:modified_time\" content=\"2019-11-28T21:55:53+00:00\" \/>\n<meta property=\"og:image\" content=\"https:\/\/misty-fruits.com\/wp-content\/uploads\/2019\/11\/chaussons-cuir-souple-adulte-sachets-de-cuir.jpg\" \/>\n\t<meta property=\"og:image:width\" content=\"710\" \/>\n\t<meta property=\"og:image:height\" content=\"720\" \/>\n\t<meta property=\"og:image:type\" content=\"image\/jpeg\" \/>\n<meta name=\"twitter:card\" content=\"summary_large_image\" \/>\n<script type=\"application\/ld+json\" class=\"yoast-schema-graph\">{\"@context\":\"https:\/\/schema.org\",\"@graph\":[{\"@type\":\"WebPage\",\"@id\":\"https:\/\/misty-fruits.com\/boutique\/accessoires\/chute-cuir\/\",\"url\":\"https:\/\/misty-fruits.com\/boutique\/accessoires\/chute-cuir\/\",\"name\":\"Sachet de chutes de cuir\",\"isPartOf\":{\"@id\":\"https:\/\/misty-fruits.com\/#website\"},\"primaryImageOfPage\":{\"@id\":\"https:\/\/misty-fruits.com\/boutique\/accessoires\/chute-cuir\/#primaryimage\"},\"image\":{\"@id\":\"https:\/\/misty-fruits.com\/boutique\/accessoires\/chute-cuir\/#primaryimage\"},\"thumbnailUrl\":\"https:\/\/misty-fruits.com\/wp-content\/uploads\/2019\/11\/chaussons-cuir-souple-adulte-sachets-de-cuir.jpg\",\"datePublished\":\"2019-11-05T10:35:25+00:00\",\"dateModified\":\"2019-11-28T21:55:53+00:00\",\"description\":\"Sachet de chutes de cuir de tailles et couleurs diff\u00e9rentes (li\u00e9 \u00e0 nos d\u00e9coupes artisanales) : propos\u00e9s dans un sachet de 100gr.\",\"breadcrumb\":{\"@id\":\"https:\/\/misty-fruits.com\/boutique\/accessoires\/chute-cuir\/#breadcrumb\"},\"inLanguage\":\"en-GB\",\"potentialAction\":[{\"@type\":\"ReadAction\",\"target\":[\"https:\/\/misty-fruits.com\/boutique\/accessoires\/chute-cuir\/\"]}]},{\"@type\":\"ImageObject\",\"inLanguage\":\"en-GB\",\"@id\":\"https:\/\/misty-fruits.com\/boutique\/accessoires\/chute-cuir\/#primaryimage\",\"url\":\"https:\/\/misty-fruits.com\/wp-content\/uploads\/2019\/11\/chaussons-cuir-souple-adulte-sachets-de-cuir.jpg\",\"contentUrl\":\"https:\/\/misty-fruits.com\/wp-content\/uploads\/2019\/11\/chaussons-cuir-souple-adulte-sachets-de-cuir.jpg\",\"width\":710,\"height\":720},{\"@type\":\"BreadcrumbList\",\"@id\":\"https:\/\/misty-fruits.com\/boutique\/accessoires\/chute-cuir\/#breadcrumb\",\"itemListElement\":[{\"@type\":\"ListItem\",\"position\":1,\"name\":\"Accueil\",\"item\":\"https:\/\/misty-fruits.com\/\"},{\"@type\":\"ListItem\",\"position\":2,\"name\":\"Produits\",\"item\":\"https:\/\/misty-fruits.com\/shop\/\"},{\"@type\":\"ListItem\",\"position\":3,\"name\":\"Sachet de chutes de cuir\"}]},{\"@type\":\"WebSite\",\"@id\":\"https:\/\/misty-fruits.com\/#website\",\"url\":\"https:\/\/misty-fruits.com\/\",\"name\":\"Misty Fruits\",\"description\":\"Chaussons en cuir souple pour enfants et adultes\",\"potentialAction\":[{\"@type\":\"SearchAction\",\"target\":{\"@type\":\"EntryPoint\",\"urlTemplate\":\"https:\/\/misty-fruits.com\/?s={search_term_string}\"},\"query-input\":\"required name=search_term_string\"}],\"inLanguage\":\"en-GB\"}]}<\/script>\n<!-- \/ Yoast SEO plugin. -->","yoast_head_json":{"title":"Sachet de chutes de cuir","description":"Sachet de chutes de cuir de tailles et couleurs diff\u00e9rentes (li\u00e9 \u00e0 nos d\u00e9coupes artisanales) : propos\u00e9s dans un sachet de 100gr.","robots":{"index":"index","follow":"follow","max-snippet":"max-snippet:-1","max-image-preview":"max-image-preview:large","max-video-preview":"max-video-preview:-1"},"canonical":"https:\/\/misty-fruits.com\/en\/boutique\/accessoires\/chute-cuir\/","og_locale":"en_GB","og_type":"article","og_title":"Sachet de chutes de cuir","og_description":"Sachet de chutes de cuir de tailles et couleurs diff\u00e9rentes (li\u00e9 \u00e0 nos d\u00e9coupes artisanales) : propos\u00e9s dans un sachet de 100gr.","og_url":"https:\/\/misty-fruits.com\/en\/boutique\/accessoires\/chute-cuir\/","og_site_name":"Misty Fruits","article_publisher":"https:\/\/www.facebook.com\/Misty-Fruits-116614398385765\/","article_modified_time":"2019-11-28T21:55:53+00:00","og_image":[{"width":710,"height":720,"url":"https:\/\/misty-fruits.com\/wp-content\/uploads\/2019\/11\/chaussons-cuir-souple-adulte-sachets-de-cuir.jpg","type":"image\/jpeg"}],"twitter_card":"summary_large_image","schema":{"@context":"https:\/\/schema.org","@graph":[{"@type":"WebPage","@id":"https:\/\/misty-fruits.com\/boutique\/accessoires\/chute-cuir\/","url":"https:\/\/misty-fruits.com\/boutique\/accessoires\/chute-cuir\/","name":"Sachet de chutes de cuir","isPartOf":{"@id":"https:\/\/misty-fruits.com\/#website"},"primaryImageOfPage":{"@id":"https:\/\/misty-fruits.com\/boutique\/accessoires\/chute-cuir\/#primaryimage"},"image":{"@id":"https:\/\/misty-fruits.com\/boutique\/accessoires\/chute-cuir\/#primaryimage"},"thumbnailUrl":"https:\/\/misty-fruits.com\/wp-content\/uploads\/2019\/11\/chaussons-cuir-souple-adulte-sachets-de-cuir.jpg","datePublished":"2019-11-05T10:35:25+00:00","dateModified":"2019-11-28T21:55:53+00:00","description":"Sachet de chutes de cuir de tailles et couleurs diff\u00e9rentes (li\u00e9 \u00e0 nos d\u00e9coupes artisanales) : propos\u00e9s dans un sachet de 100gr.","breadcrumb":{"@id":"https:\/\/misty-fruits.com\/boutique\/accessoires\/chute-cuir\/#breadcrumb"},"inLanguage":"en-GB","potentialAction":[{"@type":"ReadAction","target":["https:\/\/misty-fruits.com\/boutique\/accessoires\/chute-cuir\/"]}]},{"@type":"ImageObject","inLanguage":"en-GB","@id":"https:\/\/misty-fruits.com\/boutique\/accessoires\/chute-cuir\/#primaryimage","url":"https:\/\/misty-fruits.com\/wp-content\/uploads\/2019\/11\/chaussons-cuir-souple-adulte-sachets-de-cuir.jpg","contentUrl":"https:\/\/misty-fruits.com\/wp-content\/uploads\/2019\/11\/chaussons-cuir-souple-adulte-sachets-de-cuir.jpg","width":710,"height":720},{"@type":"BreadcrumbList","@id":"https:\/\/misty-fruits.com\/boutique\/accessoires\/chute-cuir\/#breadcrumb","itemListElement":[{"@type":"ListItem","position":1,"name":"Accueil","item":"https:\/\/misty-fruits.com\/"},{"@type":"ListItem","position":2,"name":"Produits","item":"https:\/\/misty-fruits.com\/shop\/"},{"@type":"ListItem","position":3,"name":"Sachet de chutes de cuir"}]},{"@type":"WebSite","@id":"https:\/\/misty-fruits.com\/#website","url":"https:\/\/misty-fruits.com\/","name":"Misty Fruits","description":"Chaussons en cuir souple pour enfants et adultes","potentialAction":[{"@type":"SearchAction","target":{"@type":"EntryPoint","urlTemplate":"https:\/\/misty-fruits.com\/?s={search_term_string}"},"query-input":"required name=search_term_string"}],"inLanguage":"en-GB"}]}},"_links":{"self":[{"href":"https:\/\/misty-fruits.com\/en\/wp-json\/wp\/v2\/product\/28614"}],"collection":[{"href":"https:\/\/misty-fruits.com\/en\/wp-json\/wp\/v2\/product"}],"about":[{"href":"https:\/\/misty-fruits.com\/en\/wp-json\/wp\/v2\/types\/product"}],"wp:featuredmedia":[{"embeddable":true,"href":"https:\/\/misty-fruits.com\/en\/wp-json\/wp\/v2\/media\/29109"}],"wp:attachment":[{"href":"https:\/\/misty-fruits.com\/en\/wp-json\/wp\/v2\/media?parent=28614"}],"wp:term":[{"taxonomy":"product_cat","embeddable":true,"href":"https:\/\/misty-fruits.com\/en\/wp-json\/wp\/v2\/product_cat?post=28614"},{"taxonomy":"product_tag","embeddable":true,"href":"https:\/\/misty-fruits.com\/en\/wp-json\/wp\/v2\/product_tag?post=28614"}],"curies":[{"name":"wp","href":"https:\/\/api.w.org\/{rel}","templated":true}]}}