{"id":27974,"date":"2019-09-11T15:32:02","date_gmt":"2019-09-11T13:32:02","guid":{"rendered":"https:\/\/misty-fruits.com\/?post_type=product&#038;p=27974"},"modified":"2021-03-24T14:28:57","modified_gmt":"2021-03-24T13:28:57","slug":"pro-moustache-choix-couleur","status":"publish","type":"product","link":"https:\/\/misty-fruits.com\/en\/boutique\/professionnels\/pro-moustache-choix-couleur\/","title":{"rendered":"PRO &amp; #8211; Mustache (color choice)"},"content":{"rendered":"<h3 style=\"text-align: center;\">Description of the leather slippers Black Mustache<\/h3>\n<p>Craquez pour ce mod\u00e8le de chaussons en cuir \u00ab\u00a0Moustache\u00a0\u00bb de couleur noire en choisissant la couleur du cuir dans la liste d\u00e9roulante ! Ces chaussons offriront tout le confort et le bien-\u00eatre du cuir. Les semelles antid\u00e9rapantes permettent de ne pas glisser et aux pieds de ne pas transpirer.<br \/>\nCe mod\u00e8le \u00ab\u00a0Moustache\u00a0\u00bb se remarque par son look tr\u00e8s tendance. Ces chaussons sont, comme tous les chaussons en cuir souple Misty Fruits, cousus de mani\u00e8re artisanale au coeur de la Lorraine, au moment de votre commande.<br \/>\nWith a wide range of sizes available (16-18 to 48-49), these slippers can be worn by babies, children and adults!<\/p>","protected":false},"excerpt":{"rendered":"<ul>\n<li>Velvet Leather Color to select from the drop-down menu<\/li>\n<li>Reason: Black Mustaches<\/li>\n<li>Non-slip leather soles<\/li>\n<li>Possibility to add fur soles inside<\/li>\n<li>Neatly packaged in an organza bag<\/li>\n<\/ul>","protected":false},"featured_media":27708,"template":"","meta":[],"product_cat":[46],"product_tag":[47],"class_list":{"0":"post-27974","1":"product","2":"type-product","3":"status-publish","4":"has-post-thumbnail","6":"product_cat-professionnels","7":"product_tag-pro","8":"product_shipping_class-livraison-professionnel","9":"pa_couleur-bleu-clair","10":"pa_couleur-bleu-fonce","11":"pa_couleur-bordeaux","12":"pa_couleur-brun-clair","13":"pa_couleur-brun-fonce","14":"pa_couleur-gris","15":"pa_couleur-noir","16":"pa_couleur-prune","17":"pa_couleur-rose-fushia","18":"pa_couleur-rouge","19":"pa_couleur-vert-clair","20":"pa_couleur-vert-fonce","21":"pa_couleur-violet","22":"pa_fourrure-semelles-avec-fourrure","23":"pa_fourrure-semelles-sans-fourrure","24":"pa_taille-16-18-0-6-mois","25":"pa_taille-18-20-6-12-mois","26":"pa_taille-20-22-12-18-mois","27":"pa_taille-22-23-18-24-mois","28":"pa_taille-24-25","29":"pa_taille-26-27","30":"pa_taille-28-29","31":"pa_taille-30-31","32":"pa_taille-32-33","33":"pa_taille-34-35","34":"pa_taille-36-37","35":"pa_taille-38-39","36":"pa_taille-40-41","37":"pa_taille-42-43","38":"pa_taille-44-45","39":"pa_taille-46-47","40":"pa_taille-48-49","41":"membership-content","42":"access-restricted","43":"wcpa_has_options","45":"first","46":"instock","47":"shipping-taxable","48":"product-type-composite"},"composite_virtual":false,"composite_layout":"single","composite_add_to_cart_form_location":"default","composite_editable_in_cart":false,"composite_sold_individually_context":"product","composite_shop_price_calc":"defaults","composite_components":[{"id":"1568209572","title":"Taille et couleur","description":"","query_type":"category_ids","query_ids":[49],"default_option_id":26806,"thumbnail_id":"","thumbnail_src":"","quantity_min":1,"quantity_max":1,"priced_individually":true,"shipped_individually":false,"optional":false,"discount":"","options_style":"dropdowns","pagination_style":"classic","display_prices":"hidden","show_sorting_options":false,"show_filtering_options":false,"attribute_filter_ids":[],"select_action":"view","product_title_visible":false,"product_descr_visible":false,"product_price_visible":false,"product_thumb_visible":false,"subtotal_visible_product":false,"subtotal_visible_cart":false,"subtotal_visible_orders":false},{"id":"1568209573","title":"Fourrure","description":"","query_type":"product_ids","query_ids":[26157],"default_option_id":26157,"thumbnail_id":"","thumbnail_src":"","quantity_min":1,"quantity_max":1,"priced_individually":true,"shipped_individually":false,"optional":false,"discount":"","options_style":"dropdowns","pagination_style":"classic","display_prices":"hidden","show_sorting_options":false,"show_filtering_options":false,"attribute_filter_ids":[],"select_action":"view","product_title_visible":false,"product_descr_visible":false,"product_price_visible":false,"product_thumb_visible":false,"subtotal_visible_product":false,"subtotal_visible_cart":false,"subtotal_visible_orders":false}],"composite_scenarios":[{"id":"1568209793","name":"Exclure les couleurs","description":"","configuration":[{"component_id":"1568209572","options_modifier":"not-in","component_options":[26927,26945,26963,26981,26999,27017,26842,26824,26770,26860,26752,26679,26661,26788]}],"actions":[{"action_id":"compat_group","is_active":true},{"action_id":"conditional_components","is_active":false,"hidden_components":[]}],"enabled":true}],"yoast_head":"<!-- This site is optimized with the Yoast SEO plugin v23.3 - https:\/\/yoast.com\/wordpress\/plugins\/seo\/ -->\n<title>Chaussons en cuir souple moustache - Misty Fruits<\/title>\n<meta name=\"description\" content=\"Chaussons en cuir souple de haute qualit\u00e9, confectionn\u00e9s en France dans un petit atelier (Lorraine). Les d\u00e9coupes de cuir et la couture sont artisanales.\" \/>\n<meta name=\"robots\" content=\"index, follow, max-snippet:-1, max-image-preview:large, max-video-preview:-1\" \/>\n<link rel=\"canonical\" href=\"https:\/\/misty-fruits.com\/en\/boutique\/professionnels\/pro-moustache-choix-couleur\/\" \/>\n<meta property=\"og:locale\" content=\"en_GB\" \/>\n<meta property=\"og:type\" content=\"article\" \/>\n<meta property=\"og:title\" content=\"Chaussons en cuir souple moustache - Misty Fruits\" \/>\n<meta property=\"og:description\" content=\"Chaussons en cuir souple de haute qualit\u00e9, confectionn\u00e9s en France dans un petit atelier (Lorraine). Les d\u00e9coupes de cuir et la couture sont artisanales.\" \/>\n<meta property=\"og:url\" content=\"https:\/\/misty-fruits.com\/en\/boutique\/professionnels\/pro-moustache-choix-couleur\/\" \/>\n<meta property=\"og:site_name\" content=\"Misty Fruits\" \/>\n<meta property=\"article:publisher\" content=\"https:\/\/www.facebook.com\/Misty-Fruits-116614398385765\/\" \/>\n<meta property=\"article:modified_time\" content=\"2021-03-24T13:28:57+00:00\" \/>\n<meta property=\"og:image\" content=\"https:\/\/misty-fruits.com\/wp-content\/uploads\/2019\/09\/chaussons-cuir-souple-bebe-enfant-adulte-moustache.jpg\" \/>\n\t<meta property=\"og:image:width\" content=\"710\" \/>\n\t<meta property=\"og:image:height\" content=\"720\" \/>\n\t<meta property=\"og:image:type\" content=\"image\/jpeg\" \/>\n<meta name=\"twitter:card\" content=\"summary_large_image\" \/>\n<meta name=\"twitter:label1\" content=\"Estimated reading time\" \/>\n\t<meta name=\"twitter:data1\" content=\"1 minute\" \/>\n<script type=\"application\/ld+json\" class=\"yoast-schema-graph\">{\"@context\":\"https:\/\/schema.org\",\"@graph\":[{\"@type\":\"WebPage\",\"@id\":\"https:\/\/misty-fruits.com\/boutique\/professionnels\/pro-moustache-choix-couleur\/\",\"url\":\"https:\/\/misty-fruits.com\/boutique\/professionnels\/pro-moustache-choix-couleur\/\",\"name\":\"Chaussons en cuir souple moustache - Misty Fruits\",\"isPartOf\":{\"@id\":\"https:\/\/misty-fruits.com\/#website\"},\"primaryImageOfPage\":{\"@id\":\"https:\/\/misty-fruits.com\/boutique\/professionnels\/pro-moustache-choix-couleur\/#primaryimage\"},\"image\":{\"@id\":\"https:\/\/misty-fruits.com\/boutique\/professionnels\/pro-moustache-choix-couleur\/#primaryimage\"},\"thumbnailUrl\":\"https:\/\/misty-fruits.com\/wp-content\/uploads\/2019\/09\/chaussons-cuir-souple-bebe-enfant-adulte-moustache.jpg\",\"datePublished\":\"2019-09-11T13:32:02+00:00\",\"dateModified\":\"2021-03-24T13:28:57+00:00\",\"description\":\"Chaussons en cuir souple de haute qualit\u00e9, confectionn\u00e9s en France dans un petit atelier (Lorraine). Les d\u00e9coupes de cuir et la couture sont artisanales.\",\"breadcrumb\":{\"@id\":\"https:\/\/misty-fruits.com\/boutique\/professionnels\/pro-moustache-choix-couleur\/#breadcrumb\"},\"inLanguage\":\"en-GB\",\"potentialAction\":[{\"@type\":\"ReadAction\",\"target\":[\"https:\/\/misty-fruits.com\/boutique\/professionnels\/pro-moustache-choix-couleur\/\"]}]},{\"@type\":\"ImageObject\",\"inLanguage\":\"en-GB\",\"@id\":\"https:\/\/misty-fruits.com\/boutique\/professionnels\/pro-moustache-choix-couleur\/#primaryimage\",\"url\":\"https:\/\/misty-fruits.com\/wp-content\/uploads\/2019\/09\/chaussons-cuir-souple-bebe-enfant-adulte-moustache.jpg\",\"contentUrl\":\"https:\/\/misty-fruits.com\/wp-content\/uploads\/2019\/09\/chaussons-cuir-souple-bebe-enfant-adulte-moustache.jpg\",\"width\":710,\"height\":720,\"caption\":\"chaussons cuir souple gar\u00e7on moustache noire misty fruits\"},{\"@type\":\"BreadcrumbList\",\"@id\":\"https:\/\/misty-fruits.com\/boutique\/professionnels\/pro-moustache-choix-couleur\/#breadcrumb\",\"itemListElement\":[{\"@type\":\"ListItem\",\"position\":1,\"name\":\"Accueil\",\"item\":\"https:\/\/misty-fruits.com\/\"},{\"@type\":\"ListItem\",\"position\":2,\"name\":\"Produits\",\"item\":\"https:\/\/misty-fruits.com\/shop\/\"},{\"@type\":\"ListItem\",\"position\":3,\"name\":\"PRO &#8211; Moustache (choix couleur)\"}]},{\"@type\":\"WebSite\",\"@id\":\"https:\/\/misty-fruits.com\/#website\",\"url\":\"https:\/\/misty-fruits.com\/\",\"name\":\"Misty Fruits\",\"description\":\"Chaussons en cuir souple pour enfants et adultes\",\"potentialAction\":[{\"@type\":\"SearchAction\",\"target\":{\"@type\":\"EntryPoint\",\"urlTemplate\":\"https:\/\/misty-fruits.com\/?s={search_term_string}\"},\"query-input\":\"required name=search_term_string\"}],\"inLanguage\":\"en-GB\"}]}<\/script>\n<!-- \/ Yoast SEO plugin. -->","yoast_head_json":{"title":"Chaussons en cuir souple moustache - Misty Fruits","description":"Chaussons en cuir souple de haute qualit\u00e9, confectionn\u00e9s en France dans un petit atelier (Lorraine). Les d\u00e9coupes de cuir et la couture sont artisanales.","robots":{"index":"index","follow":"follow","max-snippet":"max-snippet:-1","max-image-preview":"max-image-preview:large","max-video-preview":"max-video-preview:-1"},"canonical":"https:\/\/misty-fruits.com\/en\/boutique\/professionnels\/pro-moustache-choix-couleur\/","og_locale":"en_GB","og_type":"article","og_title":"Chaussons en cuir souple moustache - Misty Fruits","og_description":"Chaussons en cuir souple de haute qualit\u00e9, confectionn\u00e9s en France dans un petit atelier (Lorraine). Les d\u00e9coupes de cuir et la couture sont artisanales.","og_url":"https:\/\/misty-fruits.com\/en\/boutique\/professionnels\/pro-moustache-choix-couleur\/","og_site_name":"Misty Fruits","article_publisher":"https:\/\/www.facebook.com\/Misty-Fruits-116614398385765\/","article_modified_time":"2021-03-24T13:28:57+00:00","og_image":[{"width":710,"height":720,"url":"https:\/\/misty-fruits.com\/wp-content\/uploads\/2019\/09\/chaussons-cuir-souple-bebe-enfant-adulte-moustache.jpg","type":"image\/jpeg"}],"twitter_card":"summary_large_image","twitter_misc":{"Estimated reading time":"1 minute"},"schema":{"@context":"https:\/\/schema.org","@graph":[{"@type":"WebPage","@id":"https:\/\/misty-fruits.com\/boutique\/professionnels\/pro-moustache-choix-couleur\/","url":"https:\/\/misty-fruits.com\/boutique\/professionnels\/pro-moustache-choix-couleur\/","name":"Chaussons en cuir souple moustache - Misty Fruits","isPartOf":{"@id":"https:\/\/misty-fruits.com\/#website"},"primaryImageOfPage":{"@id":"https:\/\/misty-fruits.com\/boutique\/professionnels\/pro-moustache-choix-couleur\/#primaryimage"},"image":{"@id":"https:\/\/misty-fruits.com\/boutique\/professionnels\/pro-moustache-choix-couleur\/#primaryimage"},"thumbnailUrl":"https:\/\/misty-fruits.com\/wp-content\/uploads\/2019\/09\/chaussons-cuir-souple-bebe-enfant-adulte-moustache.jpg","datePublished":"2019-09-11T13:32:02+00:00","dateModified":"2021-03-24T13:28:57+00:00","description":"Chaussons en cuir souple de haute qualit\u00e9, confectionn\u00e9s en France dans un petit atelier (Lorraine). Les d\u00e9coupes de cuir et la couture sont artisanales.","breadcrumb":{"@id":"https:\/\/misty-fruits.com\/boutique\/professionnels\/pro-moustache-choix-couleur\/#breadcrumb"},"inLanguage":"en-GB","potentialAction":[{"@type":"ReadAction","target":["https:\/\/misty-fruits.com\/boutique\/professionnels\/pro-moustache-choix-couleur\/"]}]},{"@type":"ImageObject","inLanguage":"en-GB","@id":"https:\/\/misty-fruits.com\/boutique\/professionnels\/pro-moustache-choix-couleur\/#primaryimage","url":"https:\/\/misty-fruits.com\/wp-content\/uploads\/2019\/09\/chaussons-cuir-souple-bebe-enfant-adulte-moustache.jpg","contentUrl":"https:\/\/misty-fruits.com\/wp-content\/uploads\/2019\/09\/chaussons-cuir-souple-bebe-enfant-adulte-moustache.jpg","width":710,"height":720,"caption":"chaussons cuir souple gar\u00e7on moustache noire misty fruits"},{"@type":"BreadcrumbList","@id":"https:\/\/misty-fruits.com\/boutique\/professionnels\/pro-moustache-choix-couleur\/#breadcrumb","itemListElement":[{"@type":"ListItem","position":1,"name":"Accueil","item":"https:\/\/misty-fruits.com\/"},{"@type":"ListItem","position":2,"name":"Produits","item":"https:\/\/misty-fruits.com\/shop\/"},{"@type":"ListItem","position":3,"name":"PRO &#8211; Moustache (choix couleur)"}]},{"@type":"WebSite","@id":"https:\/\/misty-fruits.com\/#website","url":"https:\/\/misty-fruits.com\/","name":"Misty Fruits","description":"Chaussons en cuir souple pour enfants et adultes","potentialAction":[{"@type":"SearchAction","target":{"@type":"EntryPoint","urlTemplate":"https:\/\/misty-fruits.com\/?s={search_term_string}"},"query-input":"required name=search_term_string"}],"inLanguage":"en-GB"}]}},"_links":{"self":[{"href":"https:\/\/misty-fruits.com\/en\/wp-json\/wp\/v2\/product\/27974"}],"collection":[{"href":"https:\/\/misty-fruits.com\/en\/wp-json\/wp\/v2\/product"}],"about":[{"href":"https:\/\/misty-fruits.com\/en\/wp-json\/wp\/v2\/types\/product"}],"wp:featuredmedia":[{"embeddable":true,"href":"https:\/\/misty-fruits.com\/en\/wp-json\/wp\/v2\/media\/27708"}],"wp:attachment":[{"href":"https:\/\/misty-fruits.com\/en\/wp-json\/wp\/v2\/media?parent=27974"}],"wp:term":[{"taxonomy":"product_cat","embeddable":true,"href":"https:\/\/misty-fruits.com\/en\/wp-json\/wp\/v2\/product_cat?post=27974"},{"taxonomy":"product_tag","embeddable":true,"href":"https:\/\/misty-fruits.com\/en\/wp-json\/wp\/v2\/product_tag?post=27974"}],"curies":[{"name":"wp","href":"https:\/\/api.w.org\/{rel}","templated":true}]}}