{"id":27969,"date":"2019-09-11T15:29:12","date_gmt":"2019-09-11T13:29:12","guid":{"rendered":"https:\/\/misty-fruits.com\/?post_type=product&#038;p=27969"},"modified":"2021-03-24T14:47:32","modified_gmt":"2021-03-24T13:47:32","slug":"pro-chat","status":"publish","type":"product","link":"https:\/\/misty-fruits.com\/en\/boutique\/professionnels\/pro-chat\/","title":{"rendered":"PRO &amp; #8211; Cat"},"content":{"rendered":"<h3 style=\"text-align: center;\">Description of Cat leather slippers<\/h3>\n<p>Adorable these mischievous little cats!<br \/>\nAvec un large \u00e9ventail de pointures disponibles (16-18 \u00e0 48-49), ce mod\u00e8le de chaussons en cuir \u00ab\u00a0Chats\u00a0\u00bb saura s\u00e9duire les petits (et m\u00eame les adultes) ! ils offriront un confort in\u00e9galable gr\u00e2ce au cuir tr\u00e8s souple que Misty Fruits choisit avec beaucoup de rigueur.<br \/>\nCuir velours de couleur noire avec semelles antid\u00e9rapantes en cuir, ce mod\u00e8le \u00ab\u00a0Chat\u00a0\u00bb, comme tous les chaussons en cuir souple Misty Fruits, sont cousus \u00e0 la main en France au moment de votre commande.<\/p>","protected":false},"excerpt":{"rendered":"<ul>\n<li><span style=\"font-size: 10pt;\">Genuine leather in black velvet<\/span><\/li>\n<li><span style=\"font-size: 10pt;\">Reason: Cat that stretches<\/span><\/li>\n<li><span style=\"font-size: 10pt;\">Non-slip leather soles<\/span><\/li>\n<li><span style=\"font-size: 10pt;\">Possibility to add fur soles inside<\/span><\/li>\n<li><span style=\"font-size: 10pt;\">The leather slippers will be carefully packed in an organza bag<\/span><\/li>\n<\/ul>","protected":false},"featured_media":27870,"template":"","meta":[],"product_cat":[46],"product_tag":[47],"class_list":{"0":"post-27969","1":"product","2":"type-product","3":"status-publish","4":"has-post-thumbnail","6":"product_cat-professionnels","7":"product_tag-pro","8":"product_shipping_class-livraison-professionnel","9":"pa_fourrure-semelles-avec-fourrure","10":"pa_fourrure-semelles-sans-fourrure","11":"pa_taille-16-18-0-6-mois","12":"pa_taille-18-20-6-12-mois","13":"pa_taille-20-22-12-18-mois","14":"pa_taille-22-23-18-24-mois","15":"pa_taille-24-25","16":"pa_taille-26-27","17":"pa_taille-28-29","18":"pa_taille-30-31","19":"pa_taille-32-33","20":"pa_taille-34-35","21":"pa_taille-36-37","22":"pa_taille-38-39","23":"pa_taille-40-41","24":"pa_taille-42-43","25":"pa_taille-44-45","26":"pa_taille-46-47","27":"pa_taille-48-49","28":"membership-content","29":"access-restricted","30":"wcpa_has_options","32":"first","33":"instock","34":"shipping-taxable","35":"product-type-composite"},"composite_virtual":false,"composite_layout":"single","composite_add_to_cart_form_location":"default","composite_editable_in_cart":false,"composite_sold_individually_context":"product","composite_shop_price_calc":"defaults","composite_components":[{"id":"1568116745","title":"Couleur","description":"","query_type":"product_ids","query_ids":[26752],"default_option_id":26752,"thumbnail_id":"","thumbnail_src":"","quantity_min":1,"quantity_max":1,"priced_individually":true,"shipped_individually":false,"optional":false,"discount":"","options_style":"dropdowns","pagination_style":"classic","display_prices":"absolute","show_sorting_options":false,"show_filtering_options":false,"attribute_filter_ids":[],"select_action":"view","product_title_visible":false,"product_descr_visible":false,"product_price_visible":false,"product_thumb_visible":false,"subtotal_visible_product":false,"subtotal_visible_cart":false,"subtotal_visible_orders":false},{"id":"1568116746","title":"Fourrure","description":"","query_type":"product_ids","query_ids":[26157],"default_option_id":26157,"thumbnail_id":"","thumbnail_src":"","quantity_min":1,"quantity_max":1,"priced_individually":true,"shipped_individually":false,"optional":false,"discount":"","options_style":"dropdowns","pagination_style":"classic","display_prices":"absolute","show_sorting_options":false,"show_filtering_options":false,"attribute_filter_ids":[],"select_action":"view","product_title_visible":false,"product_descr_visible":false,"product_price_visible":false,"product_thumb_visible":false,"subtotal_visible_product":false,"subtotal_visible_cart":false,"subtotal_visible_orders":false}],"composite_scenarios":[],"yoast_head":"<!-- This site is optimized with the Yoast SEO plugin v23.3 - https:\/\/yoast.com\/wordpress\/plugins\/seo\/ -->\n<title>Chausson en cuir enfant chat - Misty Fruits<\/title>\n<meta name=\"description\" content=\"Chaussons en cuir avec chat, cuir de haute qualit\u00e9 sont confectionn\u00e9s dans un petit atelier en Lorraine. Les d\u00e9coupes et la couture sont 100% artisanales.\" \/>\n<meta name=\"robots\" content=\"index, follow, max-snippet:-1, max-image-preview:large, max-video-preview:-1\" \/>\n<link rel=\"canonical\" href=\"https:\/\/misty-fruits.com\/en\/boutique\/professionnels\/pro-chat\/\" \/>\n<meta property=\"og:locale\" content=\"en_GB\" \/>\n<meta property=\"og:type\" content=\"article\" \/>\n<meta property=\"og:title\" content=\"Chausson en cuir enfant chat - Misty Fruits\" \/>\n<meta property=\"og:description\" content=\"Chaussons en cuir avec chat, cuir de haute qualit\u00e9 sont confectionn\u00e9s dans un petit atelier en Lorraine. Les d\u00e9coupes et la couture sont 100% artisanales.\" \/>\n<meta property=\"og:url\" content=\"https:\/\/misty-fruits.com\/en\/boutique\/professionnels\/pro-chat\/\" \/>\n<meta property=\"og:site_name\" content=\"Misty Fruits\" \/>\n<meta property=\"article:publisher\" content=\"https:\/\/www.facebook.com\/Misty-Fruits-116614398385765\/\" \/>\n<meta property=\"article:modified_time\" content=\"2021-03-24T13:47:32+00:00\" \/>\n<meta property=\"og:image\" content=\"https:\/\/misty-fruits.com\/wp-content\/uploads\/2019\/09\/chaussons-cuir-souple-chat.jpg\" \/>\n\t<meta property=\"og:image:width\" content=\"710\" \/>\n\t<meta property=\"og:image:height\" content=\"720\" \/>\n\t<meta property=\"og:image:type\" content=\"image\/jpeg\" \/>\n<meta name=\"twitter:card\" content=\"summary_large_image\" \/>\n<script type=\"application\/ld+json\" class=\"yoast-schema-graph\">{\"@context\":\"https:\/\/schema.org\",\"@graph\":[{\"@type\":\"WebPage\",\"@id\":\"https:\/\/misty-fruits.com\/boutique\/professionnels\/pro-chat\/\",\"url\":\"https:\/\/misty-fruits.com\/boutique\/professionnels\/pro-chat\/\",\"name\":\"Chausson en cuir enfant chat - Misty Fruits\",\"isPartOf\":{\"@id\":\"https:\/\/misty-fruits.com\/#website\"},\"primaryImageOfPage\":{\"@id\":\"https:\/\/misty-fruits.com\/boutique\/professionnels\/pro-chat\/#primaryimage\"},\"image\":{\"@id\":\"https:\/\/misty-fruits.com\/boutique\/professionnels\/pro-chat\/#primaryimage\"},\"thumbnailUrl\":\"https:\/\/misty-fruits.com\/wp-content\/uploads\/2019\/09\/chaussons-cuir-souple-chat.jpg\",\"datePublished\":\"2019-09-11T13:29:12+00:00\",\"dateModified\":\"2021-03-24T13:47:32+00:00\",\"description\":\"Chaussons en cuir avec chat, cuir de haute qualit\u00e9 sont confectionn\u00e9s dans un petit atelier en Lorraine. Les d\u00e9coupes et la couture sont 100% artisanales.\",\"breadcrumb\":{\"@id\":\"https:\/\/misty-fruits.com\/boutique\/professionnels\/pro-chat\/#breadcrumb\"},\"inLanguage\":\"en-GB\",\"potentialAction\":[{\"@type\":\"ReadAction\",\"target\":[\"https:\/\/misty-fruits.com\/boutique\/professionnels\/pro-chat\/\"]}]},{\"@type\":\"ImageObject\",\"inLanguage\":\"en-GB\",\"@id\":\"https:\/\/misty-fruits.com\/boutique\/professionnels\/pro-chat\/#primaryimage\",\"url\":\"https:\/\/misty-fruits.com\/wp-content\/uploads\/2019\/09\/chaussons-cuir-souple-chat.jpg\",\"contentUrl\":\"https:\/\/misty-fruits.com\/wp-content\/uploads\/2019\/09\/chaussons-cuir-souple-chat.jpg\",\"width\":710,\"height\":720,\"caption\":\"Chaussons cuir souple chat\"},{\"@type\":\"BreadcrumbList\",\"@id\":\"https:\/\/misty-fruits.com\/boutique\/professionnels\/pro-chat\/#breadcrumb\",\"itemListElement\":[{\"@type\":\"ListItem\",\"position\":1,\"name\":\"Accueil\",\"item\":\"https:\/\/misty-fruits.com\/\"},{\"@type\":\"ListItem\",\"position\":2,\"name\":\"Produits\",\"item\":\"https:\/\/misty-fruits.com\/shop\/\"},{\"@type\":\"ListItem\",\"position\":3,\"name\":\"PRO &#8211; Chat\"}]},{\"@type\":\"WebSite\",\"@id\":\"https:\/\/misty-fruits.com\/#website\",\"url\":\"https:\/\/misty-fruits.com\/\",\"name\":\"Misty Fruits\",\"description\":\"Chaussons en cuir souple pour enfants et adultes\",\"potentialAction\":[{\"@type\":\"SearchAction\",\"target\":{\"@type\":\"EntryPoint\",\"urlTemplate\":\"https:\/\/misty-fruits.com\/?s={search_term_string}\"},\"query-input\":\"required name=search_term_string\"}],\"inLanguage\":\"en-GB\"}]}<\/script>\n<!-- \/ Yoast SEO plugin. -->","yoast_head_json":{"title":"Chausson en cuir enfant chat - Misty Fruits","description":"Chaussons en cuir avec chat, cuir de haute qualit\u00e9 sont confectionn\u00e9s dans un petit atelier en Lorraine. Les d\u00e9coupes et la couture sont 100% artisanales.","robots":{"index":"index","follow":"follow","max-snippet":"max-snippet:-1","max-image-preview":"max-image-preview:large","max-video-preview":"max-video-preview:-1"},"canonical":"https:\/\/misty-fruits.com\/en\/boutique\/professionnels\/pro-chat\/","og_locale":"en_GB","og_type":"article","og_title":"Chausson en cuir enfant chat - Misty Fruits","og_description":"Chaussons en cuir avec chat, cuir de haute qualit\u00e9 sont confectionn\u00e9s dans un petit atelier en Lorraine. Les d\u00e9coupes et la couture sont 100% artisanales.","og_url":"https:\/\/misty-fruits.com\/en\/boutique\/professionnels\/pro-chat\/","og_site_name":"Misty Fruits","article_publisher":"https:\/\/www.facebook.com\/Misty-Fruits-116614398385765\/","article_modified_time":"2021-03-24T13:47:32+00:00","og_image":[{"width":710,"height":720,"url":"https:\/\/misty-fruits.com\/wp-content\/uploads\/2019\/09\/chaussons-cuir-souple-chat.jpg","type":"image\/jpeg"}],"twitter_card":"summary_large_image","schema":{"@context":"https:\/\/schema.org","@graph":[{"@type":"WebPage","@id":"https:\/\/misty-fruits.com\/boutique\/professionnels\/pro-chat\/","url":"https:\/\/misty-fruits.com\/boutique\/professionnels\/pro-chat\/","name":"Chausson en cuir enfant chat - Misty Fruits","isPartOf":{"@id":"https:\/\/misty-fruits.com\/#website"},"primaryImageOfPage":{"@id":"https:\/\/misty-fruits.com\/boutique\/professionnels\/pro-chat\/#primaryimage"},"image":{"@id":"https:\/\/misty-fruits.com\/boutique\/professionnels\/pro-chat\/#primaryimage"},"thumbnailUrl":"https:\/\/misty-fruits.com\/wp-content\/uploads\/2019\/09\/chaussons-cuir-souple-chat.jpg","datePublished":"2019-09-11T13:29:12+00:00","dateModified":"2021-03-24T13:47:32+00:00","description":"Chaussons en cuir avec chat, cuir de haute qualit\u00e9 sont confectionn\u00e9s dans un petit atelier en Lorraine. Les d\u00e9coupes et la couture sont 100% artisanales.","breadcrumb":{"@id":"https:\/\/misty-fruits.com\/boutique\/professionnels\/pro-chat\/#breadcrumb"},"inLanguage":"en-GB","potentialAction":[{"@type":"ReadAction","target":["https:\/\/misty-fruits.com\/boutique\/professionnels\/pro-chat\/"]}]},{"@type":"ImageObject","inLanguage":"en-GB","@id":"https:\/\/misty-fruits.com\/boutique\/professionnels\/pro-chat\/#primaryimage","url":"https:\/\/misty-fruits.com\/wp-content\/uploads\/2019\/09\/chaussons-cuir-souple-chat.jpg","contentUrl":"https:\/\/misty-fruits.com\/wp-content\/uploads\/2019\/09\/chaussons-cuir-souple-chat.jpg","width":710,"height":720,"caption":"Chaussons cuir souple chat"},{"@type":"BreadcrumbList","@id":"https:\/\/misty-fruits.com\/boutique\/professionnels\/pro-chat\/#breadcrumb","itemListElement":[{"@type":"ListItem","position":1,"name":"Accueil","item":"https:\/\/misty-fruits.com\/"},{"@type":"ListItem","position":2,"name":"Produits","item":"https:\/\/misty-fruits.com\/shop\/"},{"@type":"ListItem","position":3,"name":"PRO &#8211; Chat"}]},{"@type":"WebSite","@id":"https:\/\/misty-fruits.com\/#website","url":"https:\/\/misty-fruits.com\/","name":"Misty Fruits","description":"Chaussons en cuir souple pour enfants et adultes","potentialAction":[{"@type":"SearchAction","target":{"@type":"EntryPoint","urlTemplate":"https:\/\/misty-fruits.com\/?s={search_term_string}"},"query-input":"required name=search_term_string"}],"inLanguage":"en-GB"}]}},"_links":{"self":[{"href":"https:\/\/misty-fruits.com\/en\/wp-json\/wp\/v2\/product\/27969"}],"collection":[{"href":"https:\/\/misty-fruits.com\/en\/wp-json\/wp\/v2\/product"}],"about":[{"href":"https:\/\/misty-fruits.com\/en\/wp-json\/wp\/v2\/types\/product"}],"wp:featuredmedia":[{"embeddable":true,"href":"https:\/\/misty-fruits.com\/en\/wp-json\/wp\/v2\/media\/27870"}],"wp:attachment":[{"href":"https:\/\/misty-fruits.com\/en\/wp-json\/wp\/v2\/media?parent=27969"}],"wp:term":[{"taxonomy":"product_cat","embeddable":true,"href":"https:\/\/misty-fruits.com\/en\/wp-json\/wp\/v2\/product_cat?post=27969"},{"taxonomy":"product_tag","embeddable":true,"href":"https:\/\/misty-fruits.com\/en\/wp-json\/wp\/v2\/product_tag?post=27969"}],"curies":[{"name":"wp","href":"https:\/\/api.w.org\/{rel}","templated":true}]}}