{"id":19747,"date":"2018-01-01T18:51:12","date_gmt":"2018-01-01T17:51:12","guid":{"rendered":"https:\/\/misty-fruits.com\/chausson-cuir-souple-bebe-enfant-adulte\/prenom-bleu-citron\/"},"modified":"2019-09-20T00:52:33","modified_gmt":"2019-09-19T22:52:33","slug":"prenom-bleu-citron","status":"publish","type":"product","link":"https:\/\/misty-fruits.com\/en\/boutique\/chausson-cuir-souple-bebe-enfant-adulte\/prenom-bleu-citron\/","title":{"rendered":"First name: Bleu Citron"},"content":{"rendered":"<h3 style=\"text-align: center;\">Description of leather slippers name dark blue-lemon<\/h3>\n<p>This model of leather slippers will seduce both children and adults, they will offer incomparable comfort to the lucky ones. Dark blue velvet leather and yellow customization, these slippers with name and motif are, like all soft leather slippers Misty Fruits, sewn by hand in France at the time of your order.<br \/>\nWith a wide range of sizes available (16-18 to 48-49), these slippers can be worn by the whole family.<\/p>","protected":false},"excerpt":{"rendered":"<ul>\n<li>Genuine Leather in Velvet &amp; #8211; Dark blue color<\/li>\n<li>First name reason to choose &amp; #8211; Lemon color (yellow)<\/li>\n<li>Non-slip leather soles<\/li>\n<li>Possibility to add fur soles inside<\/li>\n<li>The leather slippers will be carefully wrapped in a satin bag<\/li>\n<\/ul>","protected":false},"featured_media":27679,"template":"","meta":[],"product_cat":[66,23],"product_tag":[25],"class_list":{"0":"post-19747","1":"product","2":"type-product","3":"status-publish","4":"has-post-thumbnail","6":"product_cat-les-personnalisables","7":"product_cat-chausson-cuir-souple-bebe-enfant-adulte","8":"product_tag-garcon","9":"pa_fourrure-semelles-avec-fourrure","10":"pa_fourrure-semelles-sans-fourrure","11":"pa_motif-3-coeurs","12":"pa_motif-3-etoiles","13":"pa_motif-araignee","14":"pa_motif-ballon-de-foot","15":"pa_motif-chat","16":"pa_motif-chien","17":"pa_motif-couronne","18":"pa_motif-cravate","19":"pa_motif-cupcake","20":"pa_motif-danseuse","21":"pa_motif-dinosaure","22":"pa_motif-elephant","23":"pa_motif-fee","24":"pa_motif-fleur","25":"pa_motif-flocons","26":"pa_motif-fourmi","27":"pa_motif-grenouille","28":"pa_motif-guitare","29":"pa_motif-harmonie","30":"pa_motif-licorne","31":"pa_motif-love","32":"pa_motif-monstre","33":"pa_motif-moustache-lunettes","34":"pa_motif-noeud","35":"pa_motif-notes-de-musique","36":"pa_motif-oiseau","37":"pa_motif-panda","38":"pa_motif-papillon","39":"pa_motif-petits-pieds","40":"pa_motif-poisson","41":"pa_motif-princesse","42":"pa_motif-robot","43":"pa_motif-soleil","44":"pa_motif-tete-de-mort","45":"pa_motif-tracteur","46":"pa_motif-voiture","47":"pa_police-police-charlemagne","48":"pa_police-police-ebrima","49":"pa_police-police-rochester","50":"pa_taille-16-18-0-6-mois","51":"pa_taille-18-20-6-12-mois","52":"pa_taille-20-22-12-18-mois","53":"pa_taille-22-23-18-24-mois","54":"pa_taille-24-25","55":"pa_taille-26-27","56":"pa_taille-28-29","57":"pa_taille-30-31","58":"pa_taille-32-33","59":"pa_taille-34-35","60":"pa_taille-36-37","61":"pa_taille-38-39","62":"pa_taille-40-41","63":"pa_taille-42-43","64":"pa_taille-44-45","65":"pa_taille-46-47","66":"pa_taille-48-49","67":"wcpa_has_options","69":"first","70":"instock","71":"shipping-taxable","72":"purchasable","73":"product-type-composite"},"composite_virtual":false,"composite_layout":"single","composite_add_to_cart_form_location":"default","composite_editable_in_cart":false,"composite_sold_individually_context":"product","composite_shop_price_calc":"defaults","composite_components":[{"id":"1568118164","title":"Couleur","description":"","query_type":"product_ids","query_ids":[26661],"default_option_id":26661,"thumbnail_id":"","thumbnail_src":"","quantity_min":1,"quantity_max":1,"priced_individually":true,"shipped_individually":false,"optional":false,"discount":"","options_style":"dropdowns","pagination_style":"classic","display_prices":"absolute","show_sorting_options":false,"show_filtering_options":false,"attribute_filter_ids":[],"select_action":"view","product_title_visible":false,"product_descr_visible":false,"product_price_visible":false,"product_thumb_visible":false,"subtotal_visible_product":false,"subtotal_visible_cart":false,"subtotal_visible_orders":false},{"id":"1568118165","title":"Fourrure","description":"","query_type":"product_ids","query_ids":[26157],"default_option_id":26157,"thumbnail_id":"","thumbnail_src":"","quantity_min":1,"quantity_max":1,"priced_individually":true,"shipped_individually":false,"optional":false,"discount":"","options_style":"dropdowns","pagination_style":"classic","display_prices":"absolute","show_sorting_options":false,"show_filtering_options":false,"attribute_filter_ids":[],"select_action":"view","product_title_visible":false,"product_descr_visible":false,"product_price_visible":false,"product_thumb_visible":false,"subtotal_visible_product":false,"subtotal_visible_cart":false,"subtotal_visible_orders":false},{"id":"1568118166","title":"Texte et motif","description":"","query_type":"product_ids","query_ids":[24512],"default_option_id":24512,"thumbnail_id":"","thumbnail_src":"","quantity_min":1,"quantity_max":1,"priced_individually":true,"shipped_individually":false,"optional":false,"discount":"","options_style":"dropdowns","pagination_style":"classic","display_prices":"absolute","show_sorting_options":false,"show_filtering_options":false,"attribute_filter_ids":[],"select_action":"view","product_title_visible":false,"product_descr_visible":false,"product_price_visible":false,"product_thumb_visible":false,"subtotal_visible_product":false,"subtotal_visible_cart":false,"subtotal_visible_orders":false}],"composite_scenarios":[],"yoast_head":"<!-- This site is optimized with the Yoast SEO plugin v23.3 - https:\/\/yoast.com\/wordpress\/plugins\/seo\/ -->\n<title>Chaussons cuir souple - Misty Fruits - Personnalis\u00e9 bleu Citron<\/title>\n<meta name=\"description\" content=\"Chaussons en cuir souple bleu fonc\u00e9 de qualit\u00e9, confectionn\u00e9s en France dans un atelier (Lorraine). Les d\u00e9coupes de cuir et la couture sont artisanales.\" \/>\n<meta name=\"robots\" content=\"index, follow, max-snippet:-1, max-image-preview:large, max-video-preview:-1\" \/>\n<link rel=\"canonical\" href=\"https:\/\/misty-fruits.com\/en\/boutique\/chausson-cuir-souple-bebe-enfant-adulte\/prenom-bleu-citron\/\" \/>\n<meta property=\"og:locale\" content=\"en_GB\" \/>\n<meta property=\"og:type\" content=\"article\" \/>\n<meta property=\"og:title\" content=\"Chaussons cuir souple - Misty Fruits - Personnalis\u00e9 bleu Citron\" \/>\n<meta property=\"og:description\" content=\"Chaussons en cuir souple bleu fonc\u00e9 de qualit\u00e9, confectionn\u00e9s en France dans un atelier (Lorraine). Les d\u00e9coupes de cuir et la couture sont artisanales.\" \/>\n<meta property=\"og:url\" content=\"https:\/\/misty-fruits.com\/en\/boutique\/chausson-cuir-souple-bebe-enfant-adulte\/prenom-bleu-citron\/\" \/>\n<meta property=\"og:site_name\" content=\"Misty Fruits\" \/>\n<meta property=\"article:publisher\" content=\"https:\/\/www.facebook.com\/Misty-Fruits-116614398385765\/\" \/>\n<meta property=\"article:modified_time\" content=\"2019-09-19T22:52:33+00:00\" \/>\n<meta property=\"og:image\" content=\"https:\/\/misty-fruits.com\/wp-content\/uploads\/2019\/09\/chaussons-cuir-souple-bleu-roy-citron-misty-fruits.jpg\" \/>\n\t<meta property=\"og:image:width\" content=\"710\" \/>\n\t<meta property=\"og:image:height\" content=\"720\" \/>\n\t<meta property=\"og:image:type\" content=\"image\/jpeg\" \/>\n<meta name=\"twitter:card\" content=\"summary_large_image\" \/>\n<script type=\"application\/ld+json\" class=\"yoast-schema-graph\">{\"@context\":\"https:\/\/schema.org\",\"@graph\":[{\"@type\":\"WebPage\",\"@id\":\"https:\/\/misty-fruits.com\/boutique\/chausson-cuir-souple-bebe-enfant-adulte\/les-personnalisables\/prenom-bleu-citron\/\",\"url\":\"https:\/\/misty-fruits.com\/boutique\/chausson-cuir-souple-bebe-enfant-adulte\/les-personnalisables\/prenom-bleu-citron\/\",\"name\":\"Chaussons cuir souple - Misty Fruits - Personnalis\u00e9 bleu Citron\",\"isPartOf\":{\"@id\":\"https:\/\/misty-fruits.com\/#website\"},\"primaryImageOfPage\":{\"@id\":\"https:\/\/misty-fruits.com\/boutique\/chausson-cuir-souple-bebe-enfant-adulte\/les-personnalisables\/prenom-bleu-citron\/#primaryimage\"},\"image\":{\"@id\":\"https:\/\/misty-fruits.com\/boutique\/chausson-cuir-souple-bebe-enfant-adulte\/les-personnalisables\/prenom-bleu-citron\/#primaryimage\"},\"thumbnailUrl\":\"https:\/\/misty-fruits.com\/wp-content\/uploads\/2019\/09\/chaussons-cuir-souple-bleu-roy-citron-misty-fruits.jpg\",\"datePublished\":\"2018-01-01T17:51:12+00:00\",\"dateModified\":\"2019-09-19T22:52:33+00:00\",\"description\":\"Chaussons en cuir souple bleu fonc\u00e9 de qualit\u00e9, confectionn\u00e9s en France dans un atelier (Lorraine). Les d\u00e9coupes de cuir et la couture sont artisanales.\",\"breadcrumb\":{\"@id\":\"https:\/\/misty-fruits.com\/boutique\/chausson-cuir-souple-bebe-enfant-adulte\/les-personnalisables\/prenom-bleu-citron\/#breadcrumb\"},\"inLanguage\":\"en-GB\",\"potentialAction\":[{\"@type\":\"ReadAction\",\"target\":[\"https:\/\/misty-fruits.com\/boutique\/chausson-cuir-souple-bebe-enfant-adulte\/les-personnalisables\/prenom-bleu-citron\/\"]}]},{\"@type\":\"ImageObject\",\"inLanguage\":\"en-GB\",\"@id\":\"https:\/\/misty-fruits.com\/boutique\/chausson-cuir-souple-bebe-enfant-adulte\/les-personnalisables\/prenom-bleu-citron\/#primaryimage\",\"url\":\"https:\/\/misty-fruits.com\/wp-content\/uploads\/2019\/09\/chaussons-cuir-souple-bleu-roy-citron-misty-fruits.jpg\",\"contentUrl\":\"https:\/\/misty-fruits.com\/wp-content\/uploads\/2019\/09\/chaussons-cuir-souple-bleu-roy-citron-misty-fruits.jpg\",\"width\":710,\"height\":720,\"caption\":\"chaussons cuir souple enfants prenom bleu citron misty fruits\"},{\"@type\":\"BreadcrumbList\",\"@id\":\"https:\/\/misty-fruits.com\/boutique\/chausson-cuir-souple-bebe-enfant-adulte\/les-personnalisables\/prenom-bleu-citron\/#breadcrumb\",\"itemListElement\":[{\"@type\":\"ListItem\",\"position\":1,\"name\":\"Accueil\",\"item\":\"https:\/\/misty-fruits.com\/\"},{\"@type\":\"ListItem\",\"position\":2,\"name\":\"Produits\",\"item\":\"https:\/\/misty-fruits.com\/shop\/\"},{\"@type\":\"ListItem\",\"position\":3,\"name\":\"Pr\u00e9nom: Bleu Citron\"}]},{\"@type\":\"WebSite\",\"@id\":\"https:\/\/misty-fruits.com\/#website\",\"url\":\"https:\/\/misty-fruits.com\/\",\"name\":\"Misty Fruits\",\"description\":\"Chaussons en cuir souple pour enfants et adultes\",\"potentialAction\":[{\"@type\":\"SearchAction\",\"target\":{\"@type\":\"EntryPoint\",\"urlTemplate\":\"https:\/\/misty-fruits.com\/?s={search_term_string}\"},\"query-input\":\"required name=search_term_string\"}],\"inLanguage\":\"en-GB\"}]}<\/script>\n<!-- \/ Yoast SEO plugin. -->","yoast_head_json":{"title":"Chaussons cuir souple - Misty Fruits - Personnalis\u00e9 bleu Citron","description":"Chaussons en cuir souple bleu fonc\u00e9 de qualit\u00e9, confectionn\u00e9s en France dans un atelier (Lorraine). Les d\u00e9coupes de cuir et la couture sont artisanales.","robots":{"index":"index","follow":"follow","max-snippet":"max-snippet:-1","max-image-preview":"max-image-preview:large","max-video-preview":"max-video-preview:-1"},"canonical":"https:\/\/misty-fruits.com\/en\/boutique\/chausson-cuir-souple-bebe-enfant-adulte\/prenom-bleu-citron\/","og_locale":"en_GB","og_type":"article","og_title":"Chaussons cuir souple - Misty Fruits - Personnalis\u00e9 bleu Citron","og_description":"Chaussons en cuir souple bleu fonc\u00e9 de qualit\u00e9, confectionn\u00e9s en France dans un atelier (Lorraine). Les d\u00e9coupes de cuir et la couture sont artisanales.","og_url":"https:\/\/misty-fruits.com\/en\/boutique\/chausson-cuir-souple-bebe-enfant-adulte\/prenom-bleu-citron\/","og_site_name":"Misty Fruits","article_publisher":"https:\/\/www.facebook.com\/Misty-Fruits-116614398385765\/","article_modified_time":"2019-09-19T22:52:33+00:00","og_image":[{"width":710,"height":720,"url":"https:\/\/misty-fruits.com\/wp-content\/uploads\/2019\/09\/chaussons-cuir-souple-bleu-roy-citron-misty-fruits.jpg","type":"image\/jpeg"}],"twitter_card":"summary_large_image","schema":{"@context":"https:\/\/schema.org","@graph":[{"@type":"WebPage","@id":"https:\/\/misty-fruits.com\/boutique\/chausson-cuir-souple-bebe-enfant-adulte\/les-personnalisables\/prenom-bleu-citron\/","url":"https:\/\/misty-fruits.com\/boutique\/chausson-cuir-souple-bebe-enfant-adulte\/les-personnalisables\/prenom-bleu-citron\/","name":"Chaussons cuir souple - Misty Fruits - Personnalis\u00e9 bleu Citron","isPartOf":{"@id":"https:\/\/misty-fruits.com\/#website"},"primaryImageOfPage":{"@id":"https:\/\/misty-fruits.com\/boutique\/chausson-cuir-souple-bebe-enfant-adulte\/les-personnalisables\/prenom-bleu-citron\/#primaryimage"},"image":{"@id":"https:\/\/misty-fruits.com\/boutique\/chausson-cuir-souple-bebe-enfant-adulte\/les-personnalisables\/prenom-bleu-citron\/#primaryimage"},"thumbnailUrl":"https:\/\/misty-fruits.com\/wp-content\/uploads\/2019\/09\/chaussons-cuir-souple-bleu-roy-citron-misty-fruits.jpg","datePublished":"2018-01-01T17:51:12+00:00","dateModified":"2019-09-19T22:52:33+00:00","description":"Chaussons en cuir souple bleu fonc\u00e9 de qualit\u00e9, confectionn\u00e9s en France dans un atelier (Lorraine). Les d\u00e9coupes de cuir et la couture sont artisanales.","breadcrumb":{"@id":"https:\/\/misty-fruits.com\/boutique\/chausson-cuir-souple-bebe-enfant-adulte\/les-personnalisables\/prenom-bleu-citron\/#breadcrumb"},"inLanguage":"en-GB","potentialAction":[{"@type":"ReadAction","target":["https:\/\/misty-fruits.com\/boutique\/chausson-cuir-souple-bebe-enfant-adulte\/les-personnalisables\/prenom-bleu-citron\/"]}]},{"@type":"ImageObject","inLanguage":"en-GB","@id":"https:\/\/misty-fruits.com\/boutique\/chausson-cuir-souple-bebe-enfant-adulte\/les-personnalisables\/prenom-bleu-citron\/#primaryimage","url":"https:\/\/misty-fruits.com\/wp-content\/uploads\/2019\/09\/chaussons-cuir-souple-bleu-roy-citron-misty-fruits.jpg","contentUrl":"https:\/\/misty-fruits.com\/wp-content\/uploads\/2019\/09\/chaussons-cuir-souple-bleu-roy-citron-misty-fruits.jpg","width":710,"height":720,"caption":"chaussons cuir souple enfants prenom bleu citron misty fruits"},{"@type":"BreadcrumbList","@id":"https:\/\/misty-fruits.com\/boutique\/chausson-cuir-souple-bebe-enfant-adulte\/les-personnalisables\/prenom-bleu-citron\/#breadcrumb","itemListElement":[{"@type":"ListItem","position":1,"name":"Accueil","item":"https:\/\/misty-fruits.com\/"},{"@type":"ListItem","position":2,"name":"Produits","item":"https:\/\/misty-fruits.com\/shop\/"},{"@type":"ListItem","position":3,"name":"Pr\u00e9nom: Bleu Citron"}]},{"@type":"WebSite","@id":"https:\/\/misty-fruits.com\/#website","url":"https:\/\/misty-fruits.com\/","name":"Misty Fruits","description":"Chaussons en cuir souple pour enfants et adultes","potentialAction":[{"@type":"SearchAction","target":{"@type":"EntryPoint","urlTemplate":"https:\/\/misty-fruits.com\/?s={search_term_string}"},"query-input":"required name=search_term_string"}],"inLanguage":"en-GB"}]}},"_links":{"self":[{"href":"https:\/\/misty-fruits.com\/en\/wp-json\/wp\/v2\/product\/19747"}],"collection":[{"href":"https:\/\/misty-fruits.com\/en\/wp-json\/wp\/v2\/product"}],"about":[{"href":"https:\/\/misty-fruits.com\/en\/wp-json\/wp\/v2\/types\/product"}],"wp:featuredmedia":[{"embeddable":true,"href":"https:\/\/misty-fruits.com\/en\/wp-json\/wp\/v2\/media\/27679"}],"wp:attachment":[{"href":"https:\/\/misty-fruits.com\/en\/wp-json\/wp\/v2\/media?parent=19747"}],"wp:term":[{"taxonomy":"product_cat","embeddable":true,"href":"https:\/\/misty-fruits.com\/en\/wp-json\/wp\/v2\/product_cat?post=19747"},{"taxonomy":"product_tag","embeddable":true,"href":"https:\/\/misty-fruits.com\/en\/wp-json\/wp\/v2\/product_tag?post=19747"}],"curies":[{"name":"wp","href":"https:\/\/api.w.org\/{rel}","templated":true}]}}