{"id":16305,"date":"2021-03-12T15:51:09","date_gmt":"2021-03-12T14:51:09","guid":{"rendered":"https:\/\/misty-fruits.com\/?post_type=product&#038;p=16305"},"modified":"2021-06-14T22:06:45","modified_gmt":"2021-06-14T20:06:45","slug":"western","status":"publish","type":"product","link":"https:\/\/misty-fruits.com\/en\/boutique\/chausson-cuir-souple-bebe-enfant-adulte\/western\/","title":{"rendered":"Western"},"content":{"rendered":"<h3 style=\"text-align: center;\">Description of Western leather slippers<\/h3>\n<p>Go on an adventure and follow this sheriff who will make you run like in the Westerns! These leather slippers will be adopted from the first steps! they will offer all the comfort and well-being of leather. The non-slip soles prevent slipping and the feet do not sweat.<br \/>\nCes motifs \u00ab\u00a0sh\u00e9rif\u00a0\u00bb sont cousus sur du cuir souple de haute qualit\u00e9, ils sont confectionn\u00e9s \u00e0 la main en France au moment de votre commande.<br \/>\nWith a wide range of sizes available, these slippers can be worn by the whole family.<\/p>","protected":false},"excerpt":{"rendered":"<ul>\n<li>Genuine suede leather: Chocolate color (dark brown)<\/li>\n<li>Pattern: Western - Sheriff and his star<\/li>\n<li>Non-slip leather soles<\/li>\n<li>Possibility to add fur soles inside<\/li>\n<li>The leather slippers will be carefully packaged in a pretty bag<\/li>\n<\/ul>","protected":false},"featured_media":30187,"template":"","meta":[],"product_cat":[24,23],"product_tag":[25],"class_list":{"0":"post-16305","1":"product","2":"type-product","3":"status-publish","4":"has-post-thumbnail","6":"product_cat-les-motifs","7":"product_cat-chausson-cuir-souple-bebe-enfant-adulte","8":"product_tag-garcon","9":"pa_fourrure-semelles-avec-fourrure","10":"pa_fourrure-semelles-sans-fourrure","11":"pa_taille-20-22-12-18-mois","12":"pa_taille-22-23-18-24-mois","13":"pa_taille-24-25","14":"pa_taille-26-27","15":"pa_taille-28-29","16":"pa_taille-30-31","17":"pa_taille-32-33","18":"pa_taille-34-35","19":"pa_taille-36-37","20":"pa_taille-38-39","21":"pa_taille-40-41","22":"pa_taille-42-43","23":"pa_taille-44-45","24":"pa_taille-46-47","25":"pa_taille-48-49","26":"wcpa_has_options","28":"first","29":"instock","30":"shipping-taxable","31":"purchasable","32":"product-type-composite"},"composite_virtual":false,"composite_layout":"single","composite_add_to_cart_form_location":"default","composite_editable_in_cart":false,"composite_sold_individually_context":"product","composite_shop_price_calc":"defaults","composite_components":[{"id":"1568214007","title":"Taille","description":"","query_type":"product_ids","query_ids":[26715],"default_option_id":26715,"thumbnail_id":"","thumbnail_src":"","quantity_min":1,"quantity_max":1,"priced_individually":true,"shipped_individually":false,"optional":false,"discount":"","options_style":"dropdowns","pagination_style":"classic","display_prices":"hidden","show_sorting_options":false,"show_filtering_options":false,"attribute_filter_ids":[],"select_action":"view","product_title_visible":false,"product_descr_visible":false,"product_price_visible":false,"product_thumb_visible":false,"subtotal_visible_product":false,"subtotal_visible_cart":false,"subtotal_visible_orders":false},{"id":"1568214008","title":"Fourrure","description":"","query_type":"product_ids","query_ids":[26157],"default_option_id":26157,"thumbnail_id":"","thumbnail_src":"","quantity_min":1,"quantity_max":1,"priced_individually":true,"shipped_individually":false,"optional":false,"discount":"","options_style":"dropdowns","pagination_style":"classic","display_prices":"hidden","show_sorting_options":false,"show_filtering_options":false,"attribute_filter_ids":[],"select_action":"view","product_title_visible":false,"product_descr_visible":false,"product_price_visible":false,"product_thumb_visible":false,"subtotal_visible_product":false,"subtotal_visible_cart":false,"subtotal_visible_orders":false}],"composite_scenarios":[],"yoast_head":"<!-- This site is optimized with the Yoast SEO plugin v23.3 - https:\/\/yoast.com\/wordpress\/plugins\/seo\/ -->\n<title>Chaussons cuir gar\u00e7on Western - Misty Fruits<\/title>\n<meta name=\"description\" content=\"Chaussons en cuir souple &quot;Western&quot; de haute qualit\u00e9, confectionn\u00e9s en France dans un petit atelier. Les d\u00e9coupes et la couture sont 100% fait mains.\" \/>\n<meta name=\"robots\" content=\"index, follow, max-snippet:-1, max-image-preview:large, max-video-preview:-1\" \/>\n<link rel=\"canonical\" href=\"https:\/\/misty-fruits.com\/en\/boutique\/chausson-cuir-souple-bebe-enfant-adulte\/western\/\" \/>\n<meta property=\"og:locale\" content=\"en_GB\" \/>\n<meta property=\"og:type\" content=\"article\" \/>\n<meta property=\"og:title\" content=\"Chaussons cuir gar\u00e7on Western - Misty Fruits\" \/>\n<meta property=\"og:description\" content=\"Chaussons en cuir souple &quot;Western&quot; de haute qualit\u00e9, confectionn\u00e9s en France dans un petit atelier. Les d\u00e9coupes et la couture sont 100% fait mains.\" \/>\n<meta property=\"og:url\" content=\"https:\/\/misty-fruits.com\/en\/boutique\/chausson-cuir-souple-bebe-enfant-adulte\/western\/\" \/>\n<meta property=\"og:site_name\" content=\"Misty Fruits\" \/>\n<meta property=\"article:publisher\" content=\"https:\/\/www.facebook.com\/Misty-Fruits-116614398385765\/\" \/>\n<meta property=\"article:modified_time\" content=\"2021-06-14T20:06:45+00:00\" \/>\n<meta property=\"og:image\" content=\"https:\/\/misty-fruits.com\/wp-content\/uploads\/2021\/03\/chaussons-cuir-mistyfruits-enfant-adulte-team-Western-2.jpg\" \/>\n\t<meta property=\"og:image:width\" content=\"710\" \/>\n\t<meta property=\"og:image:height\" content=\"720\" \/>\n\t<meta property=\"og:image:type\" content=\"image\/jpeg\" \/>\n<meta name=\"twitter:card\" content=\"summary_large_image\" \/>\n<meta name=\"twitter:label1\" content=\"Estimated reading time\" \/>\n\t<meta name=\"twitter:data1\" content=\"1 minute\" \/>\n<script type=\"application\/ld+json\" class=\"yoast-schema-graph\">{\"@context\":\"https:\/\/schema.org\",\"@graph\":[{\"@type\":\"WebPage\",\"@id\":\"https:\/\/misty-fruits.com\/boutique\/chausson-cuir-souple-bebe-enfant-adulte\/western\/\",\"url\":\"https:\/\/misty-fruits.com\/boutique\/chausson-cuir-souple-bebe-enfant-adulte\/western\/\",\"name\":\"Chaussons cuir gar\u00e7on Western - Misty Fruits\",\"isPartOf\":{\"@id\":\"https:\/\/misty-fruits.com\/#website\"},\"primaryImageOfPage\":{\"@id\":\"https:\/\/misty-fruits.com\/boutique\/chausson-cuir-souple-bebe-enfant-adulte\/western\/#primaryimage\"},\"image\":{\"@id\":\"https:\/\/misty-fruits.com\/boutique\/chausson-cuir-souple-bebe-enfant-adulte\/western\/#primaryimage\"},\"thumbnailUrl\":\"https:\/\/misty-fruits.com\/wp-content\/uploads\/2021\/03\/chaussons-cuir-mistyfruits-enfant-adulte-team-Western-2.jpg\",\"datePublished\":\"2021-03-12T14:51:09+00:00\",\"dateModified\":\"2021-06-14T20:06:45+00:00\",\"description\":\"Chaussons en cuir souple \\\"Western\\\" de haute qualit\u00e9, confectionn\u00e9s en France dans un petit atelier. Les d\u00e9coupes et la couture sont 100% fait mains.\",\"breadcrumb\":{\"@id\":\"https:\/\/misty-fruits.com\/boutique\/chausson-cuir-souple-bebe-enfant-adulte\/western\/#breadcrumb\"},\"inLanguage\":\"en-GB\",\"potentialAction\":[{\"@type\":\"ReadAction\",\"target\":[\"https:\/\/misty-fruits.com\/boutique\/chausson-cuir-souple-bebe-enfant-adulte\/western\/\"]}]},{\"@type\":\"ImageObject\",\"inLanguage\":\"en-GB\",\"@id\":\"https:\/\/misty-fruits.com\/boutique\/chausson-cuir-souple-bebe-enfant-adulte\/western\/#primaryimage\",\"url\":\"https:\/\/misty-fruits.com\/wp-content\/uploads\/2021\/03\/chaussons-cuir-mistyfruits-enfant-adulte-team-Western-2.jpg\",\"contentUrl\":\"https:\/\/misty-fruits.com\/wp-content\/uploads\/2021\/03\/chaussons-cuir-mistyfruits-enfant-adulte-team-Western-2.jpg\",\"width\":710,\"height\":720},{\"@type\":\"BreadcrumbList\",\"@id\":\"https:\/\/misty-fruits.com\/boutique\/chausson-cuir-souple-bebe-enfant-adulte\/western\/#breadcrumb\",\"itemListElement\":[{\"@type\":\"ListItem\",\"position\":1,\"name\":\"Accueil\",\"item\":\"https:\/\/misty-fruits.com\/\"},{\"@type\":\"ListItem\",\"position\":2,\"name\":\"Produits\",\"item\":\"https:\/\/misty-fruits.com\/shop\/\"},{\"@type\":\"ListItem\",\"position\":3,\"name\":\"Western\"}]},{\"@type\":\"WebSite\",\"@id\":\"https:\/\/misty-fruits.com\/#website\",\"url\":\"https:\/\/misty-fruits.com\/\",\"name\":\"Misty Fruits\",\"description\":\"Chaussons en cuir souple pour enfants et adultes\",\"potentialAction\":[{\"@type\":\"SearchAction\",\"target\":{\"@type\":\"EntryPoint\",\"urlTemplate\":\"https:\/\/misty-fruits.com\/?s={search_term_string}\"},\"query-input\":\"required name=search_term_string\"}],\"inLanguage\":\"en-GB\"}]}<\/script>\n<!-- \/ Yoast SEO plugin. -->","yoast_head_json":{"title":"Chaussons cuir gar\u00e7on Western - Misty Fruits","description":"Chaussons en cuir souple \"Western\" de haute qualit\u00e9, confectionn\u00e9s en France dans un petit atelier. Les d\u00e9coupes et la couture sont 100% fait mains.","robots":{"index":"index","follow":"follow","max-snippet":"max-snippet:-1","max-image-preview":"max-image-preview:large","max-video-preview":"max-video-preview:-1"},"canonical":"https:\/\/misty-fruits.com\/en\/boutique\/chausson-cuir-souple-bebe-enfant-adulte\/western\/","og_locale":"en_GB","og_type":"article","og_title":"Chaussons cuir gar\u00e7on Western - Misty Fruits","og_description":"Chaussons en cuir souple \"Western\" de haute qualit\u00e9, confectionn\u00e9s en France dans un petit atelier. Les d\u00e9coupes et la couture sont 100% fait mains.","og_url":"https:\/\/misty-fruits.com\/en\/boutique\/chausson-cuir-souple-bebe-enfant-adulte\/western\/","og_site_name":"Misty Fruits","article_publisher":"https:\/\/www.facebook.com\/Misty-Fruits-116614398385765\/","article_modified_time":"2021-06-14T20:06:45+00:00","og_image":[{"width":710,"height":720,"url":"https:\/\/misty-fruits.com\/wp-content\/uploads\/2021\/03\/chaussons-cuir-mistyfruits-enfant-adulte-team-Western-2.jpg","type":"image\/jpeg"}],"twitter_card":"summary_large_image","twitter_misc":{"Estimated reading time":"1 minute"},"schema":{"@context":"https:\/\/schema.org","@graph":[{"@type":"WebPage","@id":"https:\/\/misty-fruits.com\/boutique\/chausson-cuir-souple-bebe-enfant-adulte\/western\/","url":"https:\/\/misty-fruits.com\/boutique\/chausson-cuir-souple-bebe-enfant-adulte\/western\/","name":"Chaussons cuir gar\u00e7on Western - Misty Fruits","isPartOf":{"@id":"https:\/\/misty-fruits.com\/#website"},"primaryImageOfPage":{"@id":"https:\/\/misty-fruits.com\/boutique\/chausson-cuir-souple-bebe-enfant-adulte\/western\/#primaryimage"},"image":{"@id":"https:\/\/misty-fruits.com\/boutique\/chausson-cuir-souple-bebe-enfant-adulte\/western\/#primaryimage"},"thumbnailUrl":"https:\/\/misty-fruits.com\/wp-content\/uploads\/2021\/03\/chaussons-cuir-mistyfruits-enfant-adulte-team-Western-2.jpg","datePublished":"2021-03-12T14:51:09+00:00","dateModified":"2021-06-14T20:06:45+00:00","description":"Chaussons en cuir souple \"Western\" de haute qualit\u00e9, confectionn\u00e9s en France dans un petit atelier. Les d\u00e9coupes et la couture sont 100% fait mains.","breadcrumb":{"@id":"https:\/\/misty-fruits.com\/boutique\/chausson-cuir-souple-bebe-enfant-adulte\/western\/#breadcrumb"},"inLanguage":"en-GB","potentialAction":[{"@type":"ReadAction","target":["https:\/\/misty-fruits.com\/boutique\/chausson-cuir-souple-bebe-enfant-adulte\/western\/"]}]},{"@type":"ImageObject","inLanguage":"en-GB","@id":"https:\/\/misty-fruits.com\/boutique\/chausson-cuir-souple-bebe-enfant-adulte\/western\/#primaryimage","url":"https:\/\/misty-fruits.com\/wp-content\/uploads\/2021\/03\/chaussons-cuir-mistyfruits-enfant-adulte-team-Western-2.jpg","contentUrl":"https:\/\/misty-fruits.com\/wp-content\/uploads\/2021\/03\/chaussons-cuir-mistyfruits-enfant-adulte-team-Western-2.jpg","width":710,"height":720},{"@type":"BreadcrumbList","@id":"https:\/\/misty-fruits.com\/boutique\/chausson-cuir-souple-bebe-enfant-adulte\/western\/#breadcrumb","itemListElement":[{"@type":"ListItem","position":1,"name":"Accueil","item":"https:\/\/misty-fruits.com\/"},{"@type":"ListItem","position":2,"name":"Produits","item":"https:\/\/misty-fruits.com\/shop\/"},{"@type":"ListItem","position":3,"name":"Western"}]},{"@type":"WebSite","@id":"https:\/\/misty-fruits.com\/#website","url":"https:\/\/misty-fruits.com\/","name":"Misty Fruits","description":"Chaussons en cuir souple pour enfants et adultes","potentialAction":[{"@type":"SearchAction","target":{"@type":"EntryPoint","urlTemplate":"https:\/\/misty-fruits.com\/?s={search_term_string}"},"query-input":"required name=search_term_string"}],"inLanguage":"en-GB"}]}},"_links":{"self":[{"href":"https:\/\/misty-fruits.com\/en\/wp-json\/wp\/v2\/product\/16305"}],"collection":[{"href":"https:\/\/misty-fruits.com\/en\/wp-json\/wp\/v2\/product"}],"about":[{"href":"https:\/\/misty-fruits.com\/en\/wp-json\/wp\/v2\/types\/product"}],"wp:featuredmedia":[{"embeddable":true,"href":"https:\/\/misty-fruits.com\/en\/wp-json\/wp\/v2\/media\/30187"}],"wp:attachment":[{"href":"https:\/\/misty-fruits.com\/en\/wp-json\/wp\/v2\/media?parent=16305"}],"wp:term":[{"taxonomy":"product_cat","embeddable":true,"href":"https:\/\/misty-fruits.com\/en\/wp-json\/wp\/v2\/product_cat?post=16305"},{"taxonomy":"product_tag","embeddable":true,"href":"https:\/\/misty-fruits.com\/en\/wp-json\/wp\/v2\/product_tag?post=16305"}],"curies":[{"name":"wp","href":"https:\/\/api.w.org\/{rel}","templated":true}]}}