{"id":14913,"date":"2020-05-15T12:14:12","date_gmt":"2020-05-15T10:14:12","guid":{"rendered":"https:\/\/misty-fruits.com\/?post_type=product&#038;p=14913"},"modified":"2021-08-31T19:57:06","modified_gmt":"2021-08-31T17:57:06","slug":"mini-etoile-usa","status":"publish","type":"product","link":"https:\/\/misty-fruits.com\/en\/boutique\/chausson-cuir-souple-bebe-enfant-adulte\/mini-etoile-usa\/","title":{"rendered":"Mini Star USA"},"content":{"rendered":"<h3 style=\"text-align: center;\">Description of the USA Mini Star leather slippers<\/h3>\n<p>B\u00e9b\u00e9s, enfants (ou les plus grands !) : ils adoreront ce mod\u00e8le aux couleurs de l&rsquo;Am\u00e9rique !<br \/>\nThese leather slippers will offer all the comfort and well-being of leather. The non-slip soles prevent slipping and the feet do not sweat. With a wide range of sizes available, these slippers can be worn by the whole family.<br \/>\nCes motifs \u00ab\u00a0Mini \u00e9toiles USA\u00a0\u00bb sont cousus sur du cuir souple de haute qualit\u00e9 de couleur bleu \u00e9lectrique, ils sont confectionn\u00e9s de mani\u00e8re artisanale dans notre atelier en Lorraine, au moment de votre commande.<\/p>","protected":false},"excerpt":{"rendered":"<ul>\n<li>Genuine suede leather: Electric blue<\/li>\n<li>Pattern: Small stars USA<\/li>\n<li>Non-slip leather soles<\/li>\n<li>Possibility to add fur soles inside<\/li>\n<li>The leather slippers will be carefully packaged in a pretty bag<\/li>\n<\/ul>","protected":false},"featured_media":29449,"template":"","meta":[],"product_cat":[24,23],"product_tag":[25],"class_list":{"0":"post-14913","1":"product","2":"type-product","3":"status-publish","4":"has-post-thumbnail","6":"product_cat-les-motifs","7":"product_cat-chausson-cuir-souple-bebe-enfant-adulte","8":"product_tag-garcon","9":"pa_fourrure-semelles-avec-fourrure","10":"pa_fourrure-semelles-sans-fourrure","11":"pa_taille-16-18-0-6-mois","12":"pa_taille-18-20-6-12-mois","13":"pa_taille-20-22-12-18-mois","14":"pa_taille-22-23-18-24-mois","15":"pa_taille-24-25","16":"pa_taille-26-27","17":"wcpa_has_options","19":"first","20":"instock","21":"shipping-taxable","22":"purchasable","23":"product-type-composite"},"composite_virtual":false,"composite_layout":"single","composite_add_to_cart_form_location":"default","composite_editable_in_cart":false,"composite_sold_individually_context":"product","composite_shop_price_calc":"defaults","composite_components":[{"id":"1568212336","title":"Taille","description":"","query_type":"product_ids","query_ids":[26661],"default_option_id":26661,"thumbnail_id":"","thumbnail_src":"","quantity_min":1,"quantity_max":1,"priced_individually":true,"shipped_individually":false,"optional":false,"discount":"","options_style":"dropdowns","pagination_style":"classic","display_prices":"hidden","show_sorting_options":false,"show_filtering_options":false,"attribute_filter_ids":[],"select_action":"view","product_title_visible":false,"product_descr_visible":false,"product_price_visible":false,"product_thumb_visible":false,"subtotal_visible_product":false,"subtotal_visible_cart":false,"subtotal_visible_orders":false},{"id":"1568212337","title":"Fourrure","description":"","query_type":"product_ids","query_ids":[26157],"default_option_id":26157,"thumbnail_id":"","thumbnail_src":"","quantity_min":1,"quantity_max":1,"priced_individually":true,"shipped_individually":false,"optional":false,"discount":"","options_style":"dropdowns","pagination_style":"classic","display_prices":"hidden","show_sorting_options":false,"show_filtering_options":false,"attribute_filter_ids":[],"select_action":"view","product_title_visible":false,"product_descr_visible":false,"product_price_visible":false,"product_thumb_visible":false,"subtotal_visible_product":false,"subtotal_visible_cart":false,"subtotal_visible_orders":false}],"composite_scenarios":[],"yoast_head":"<!-- This site is optimized with the Yoast SEO plugin v23.3 - https:\/\/yoast.com\/wordpress\/plugins\/seo\/ -->\n<title>Chaussons b\u00e9b\u00e9 cuir Mini Etoile USA - Misty Fruits<\/title>\n<meta name=\"description\" content=\"Chaussons en cuir souple &quot;Mini \u00e9toile USA&quot; de haute qualit\u00e9, confectionn\u00e9s en France dans un petit atelier en Lorraine. Notre travail est 100% artisanal.\" \/>\n<meta name=\"robots\" content=\"index, follow, max-snippet:-1, max-image-preview:large, max-video-preview:-1\" \/>\n<link rel=\"canonical\" href=\"https:\/\/misty-fruits.com\/en\/boutique\/chausson-cuir-souple-bebe-enfant-adulte\/mini-etoile-usa\/\" \/>\n<meta property=\"og:locale\" content=\"en_GB\" \/>\n<meta property=\"og:type\" content=\"article\" \/>\n<meta property=\"og:title\" content=\"Chaussons b\u00e9b\u00e9 cuir Mini Etoile USA - Misty Fruits\" \/>\n<meta property=\"og:description\" content=\"Chaussons en cuir souple &quot;Mini \u00e9toile USA&quot; de haute qualit\u00e9, confectionn\u00e9s en France dans un petit atelier en Lorraine. Notre travail est 100% artisanal.\" \/>\n<meta property=\"og:url\" content=\"https:\/\/misty-fruits.com\/en\/boutique\/chausson-cuir-souple-bebe-enfant-adulte\/mini-etoile-usa\/\" \/>\n<meta property=\"og:site_name\" content=\"Misty Fruits\" \/>\n<meta property=\"article:publisher\" content=\"https:\/\/www.facebook.com\/Misty-Fruits-116614398385765\/\" \/>\n<meta property=\"article:modified_time\" content=\"2021-08-31T17:57:06+00:00\" \/>\n<meta property=\"og:image\" content=\"https:\/\/misty-fruits.com\/wp-content\/uploads\/2020\/05\/chaussons-cuir-souple-mini-etoile-usa-misty-fruits-3.jpg\" \/>\n\t<meta property=\"og:image:width\" content=\"710\" \/>\n\t<meta property=\"og:image:height\" content=\"720\" \/>\n\t<meta property=\"og:image:type\" content=\"image\/jpeg\" \/>\n<meta name=\"twitter:card\" content=\"summary_large_image\" \/>\n<meta name=\"twitter:label1\" content=\"Estimated reading time\" \/>\n\t<meta name=\"twitter:data1\" content=\"1 minute\" \/>\n<script type=\"application\/ld+json\" class=\"yoast-schema-graph\">{\"@context\":\"https:\/\/schema.org\",\"@graph\":[{\"@type\":\"WebPage\",\"@id\":\"https:\/\/misty-fruits.com\/boutique\/chausson-cuir-souple-bebe-enfant-adulte\/mini-etoile-usa\/\",\"url\":\"https:\/\/misty-fruits.com\/boutique\/chausson-cuir-souple-bebe-enfant-adulte\/mini-etoile-usa\/\",\"name\":\"Chaussons b\u00e9b\u00e9 cuir Mini Etoile USA - Misty Fruits\",\"isPartOf\":{\"@id\":\"https:\/\/misty-fruits.com\/#website\"},\"primaryImageOfPage\":{\"@id\":\"https:\/\/misty-fruits.com\/boutique\/chausson-cuir-souple-bebe-enfant-adulte\/mini-etoile-usa\/#primaryimage\"},\"image\":{\"@id\":\"https:\/\/misty-fruits.com\/boutique\/chausson-cuir-souple-bebe-enfant-adulte\/mini-etoile-usa\/#primaryimage\"},\"thumbnailUrl\":\"https:\/\/misty-fruits.com\/wp-content\/uploads\/2020\/05\/chaussons-cuir-souple-mini-etoile-usa-misty-fruits-3.jpg\",\"datePublished\":\"2020-05-15T10:14:12+00:00\",\"dateModified\":\"2021-08-31T17:57:06+00:00\",\"description\":\"Chaussons en cuir souple \\\"Mini \u00e9toile USA\\\" de haute qualit\u00e9, confectionn\u00e9s en France dans un petit atelier en Lorraine. Notre travail est 100% artisanal.\",\"breadcrumb\":{\"@id\":\"https:\/\/misty-fruits.com\/boutique\/chausson-cuir-souple-bebe-enfant-adulte\/mini-etoile-usa\/#breadcrumb\"},\"inLanguage\":\"en-GB\",\"potentialAction\":[{\"@type\":\"ReadAction\",\"target\":[\"https:\/\/misty-fruits.com\/boutique\/chausson-cuir-souple-bebe-enfant-adulte\/mini-etoile-usa\/\"]}]},{\"@type\":\"ImageObject\",\"inLanguage\":\"en-GB\",\"@id\":\"https:\/\/misty-fruits.com\/boutique\/chausson-cuir-souple-bebe-enfant-adulte\/mini-etoile-usa\/#primaryimage\",\"url\":\"https:\/\/misty-fruits.com\/wp-content\/uploads\/2020\/05\/chaussons-cuir-souple-mini-etoile-usa-misty-fruits-3.jpg\",\"contentUrl\":\"https:\/\/misty-fruits.com\/wp-content\/uploads\/2020\/05\/chaussons-cuir-souple-mini-etoile-usa-misty-fruits-3.jpg\",\"width\":710,\"height\":720},{\"@type\":\"BreadcrumbList\",\"@id\":\"https:\/\/misty-fruits.com\/boutique\/chausson-cuir-souple-bebe-enfant-adulte\/mini-etoile-usa\/#breadcrumb\",\"itemListElement\":[{\"@type\":\"ListItem\",\"position\":1,\"name\":\"Accueil\",\"item\":\"https:\/\/misty-fruits.com\/\"},{\"@type\":\"ListItem\",\"position\":2,\"name\":\"Produits\",\"item\":\"https:\/\/misty-fruits.com\/shop\/\"},{\"@type\":\"ListItem\",\"position\":3,\"name\":\"Mini \u00c9toile USA\"}]},{\"@type\":\"WebSite\",\"@id\":\"https:\/\/misty-fruits.com\/#website\",\"url\":\"https:\/\/misty-fruits.com\/\",\"name\":\"Misty Fruits\",\"description\":\"Chaussons en cuir souple pour enfants et adultes\",\"potentialAction\":[{\"@type\":\"SearchAction\",\"target\":{\"@type\":\"EntryPoint\",\"urlTemplate\":\"https:\/\/misty-fruits.com\/?s={search_term_string}\"},\"query-input\":\"required name=search_term_string\"}],\"inLanguage\":\"en-GB\"}]}<\/script>\n<!-- \/ Yoast SEO plugin. -->","yoast_head_json":{"title":"Chaussons b\u00e9b\u00e9 cuir Mini Etoile USA - Misty Fruits","description":"Chaussons en cuir souple \"Mini \u00e9toile USA\" de haute qualit\u00e9, confectionn\u00e9s en France dans un petit atelier en Lorraine. Notre travail est 100% artisanal.","robots":{"index":"index","follow":"follow","max-snippet":"max-snippet:-1","max-image-preview":"max-image-preview:large","max-video-preview":"max-video-preview:-1"},"canonical":"https:\/\/misty-fruits.com\/en\/boutique\/chausson-cuir-souple-bebe-enfant-adulte\/mini-etoile-usa\/","og_locale":"en_GB","og_type":"article","og_title":"Chaussons b\u00e9b\u00e9 cuir Mini Etoile USA - Misty Fruits","og_description":"Chaussons en cuir souple \"Mini \u00e9toile USA\" de haute qualit\u00e9, confectionn\u00e9s en France dans un petit atelier en Lorraine. Notre travail est 100% artisanal.","og_url":"https:\/\/misty-fruits.com\/en\/boutique\/chausson-cuir-souple-bebe-enfant-adulte\/mini-etoile-usa\/","og_site_name":"Misty Fruits","article_publisher":"https:\/\/www.facebook.com\/Misty-Fruits-116614398385765\/","article_modified_time":"2021-08-31T17:57:06+00:00","og_image":[{"width":710,"height":720,"url":"https:\/\/misty-fruits.com\/wp-content\/uploads\/2020\/05\/chaussons-cuir-souple-mini-etoile-usa-misty-fruits-3.jpg","type":"image\/jpeg"}],"twitter_card":"summary_large_image","twitter_misc":{"Estimated reading time":"1 minute"},"schema":{"@context":"https:\/\/schema.org","@graph":[{"@type":"WebPage","@id":"https:\/\/misty-fruits.com\/boutique\/chausson-cuir-souple-bebe-enfant-adulte\/mini-etoile-usa\/","url":"https:\/\/misty-fruits.com\/boutique\/chausson-cuir-souple-bebe-enfant-adulte\/mini-etoile-usa\/","name":"Chaussons b\u00e9b\u00e9 cuir Mini Etoile USA - Misty Fruits","isPartOf":{"@id":"https:\/\/misty-fruits.com\/#website"},"primaryImageOfPage":{"@id":"https:\/\/misty-fruits.com\/boutique\/chausson-cuir-souple-bebe-enfant-adulte\/mini-etoile-usa\/#primaryimage"},"image":{"@id":"https:\/\/misty-fruits.com\/boutique\/chausson-cuir-souple-bebe-enfant-adulte\/mini-etoile-usa\/#primaryimage"},"thumbnailUrl":"https:\/\/misty-fruits.com\/wp-content\/uploads\/2020\/05\/chaussons-cuir-souple-mini-etoile-usa-misty-fruits-3.jpg","datePublished":"2020-05-15T10:14:12+00:00","dateModified":"2021-08-31T17:57:06+00:00","description":"Chaussons en cuir souple \"Mini \u00e9toile USA\" de haute qualit\u00e9, confectionn\u00e9s en France dans un petit atelier en Lorraine. Notre travail est 100% artisanal.","breadcrumb":{"@id":"https:\/\/misty-fruits.com\/boutique\/chausson-cuir-souple-bebe-enfant-adulte\/mini-etoile-usa\/#breadcrumb"},"inLanguage":"en-GB","potentialAction":[{"@type":"ReadAction","target":["https:\/\/misty-fruits.com\/boutique\/chausson-cuir-souple-bebe-enfant-adulte\/mini-etoile-usa\/"]}]},{"@type":"ImageObject","inLanguage":"en-GB","@id":"https:\/\/misty-fruits.com\/boutique\/chausson-cuir-souple-bebe-enfant-adulte\/mini-etoile-usa\/#primaryimage","url":"https:\/\/misty-fruits.com\/wp-content\/uploads\/2020\/05\/chaussons-cuir-souple-mini-etoile-usa-misty-fruits-3.jpg","contentUrl":"https:\/\/misty-fruits.com\/wp-content\/uploads\/2020\/05\/chaussons-cuir-souple-mini-etoile-usa-misty-fruits-3.jpg","width":710,"height":720},{"@type":"BreadcrumbList","@id":"https:\/\/misty-fruits.com\/boutique\/chausson-cuir-souple-bebe-enfant-adulte\/mini-etoile-usa\/#breadcrumb","itemListElement":[{"@type":"ListItem","position":1,"name":"Accueil","item":"https:\/\/misty-fruits.com\/"},{"@type":"ListItem","position":2,"name":"Produits","item":"https:\/\/misty-fruits.com\/shop\/"},{"@type":"ListItem","position":3,"name":"Mini \u00c9toile USA"}]},{"@type":"WebSite","@id":"https:\/\/misty-fruits.com\/#website","url":"https:\/\/misty-fruits.com\/","name":"Misty Fruits","description":"Chaussons en cuir souple pour enfants et adultes","potentialAction":[{"@type":"SearchAction","target":{"@type":"EntryPoint","urlTemplate":"https:\/\/misty-fruits.com\/?s={search_term_string}"},"query-input":"required name=search_term_string"}],"inLanguage":"en-GB"}]}},"_links":{"self":[{"href":"https:\/\/misty-fruits.com\/en\/wp-json\/wp\/v2\/product\/14913"}],"collection":[{"href":"https:\/\/misty-fruits.com\/en\/wp-json\/wp\/v2\/product"}],"about":[{"href":"https:\/\/misty-fruits.com\/en\/wp-json\/wp\/v2\/types\/product"}],"wp:featuredmedia":[{"embeddable":true,"href":"https:\/\/misty-fruits.com\/en\/wp-json\/wp\/v2\/media\/29449"}],"wp:attachment":[{"href":"https:\/\/misty-fruits.com\/en\/wp-json\/wp\/v2\/media?parent=14913"}],"wp:term":[{"taxonomy":"product_cat","embeddable":true,"href":"https:\/\/misty-fruits.com\/en\/wp-json\/wp\/v2\/product_cat?post=14913"},{"taxonomy":"product_tag","embeddable":true,"href":"https:\/\/misty-fruits.com\/en\/wp-json\/wp\/v2\/product_tag?post=14913"}],"curies":[{"name":"wp","href":"https:\/\/api.w.org\/{rel}","templated":true}]}}