{"id":13015,"date":"2016-05-05T15:10:18","date_gmt":"2016-05-05T13:10:18","guid":{"rendered":"https:\/\/misty-fruits.com\/chausson-cuir-souple-bebe-enfant-adulte\/phosph-martien\/"},"modified":"2021-08-31T18:52:28","modified_gmt":"2021-08-31T16:52:28","slug":"phosph-martien","status":"publish","type":"product","link":"https:\/\/misty-fruits.com\/en\/boutique\/chausson-cuir-souple-bebe-enfant-adulte\/phosph-martien\/","title":{"rendered":"Martian PHOSPH &#039;"},"content":{"rendered":"<h3 style=\"text-align: center;\">Description of Martian phosphorescent leather slippers<\/h3>\n<p>Ils vont les adorer ! R\u00e9f\u00e9rence depuis des ann\u00e9es, ce mod\u00e8le de chaussons en cuir saura surprendre les petits (comme les grands !) par ce motif \u00ab\u00a0Martien\u00a0\u00bb qui brille dans la nuit !<br \/>\nThanks to the quality of the leather and their flexibility, these leather slippers will offer incomparable comfort. Non-slip soles help prevent slipping and feet from sweating.<br \/>\nThese soft leather slippers are, like all Misty Fruits soft leather slippers, sewn in Lorraine in an artisanal way at the time of your order.<br \/>\nWith a wide range of sizes available (16-18 to 48-49), these slippers can be worn by the whole family.<\/p>","protected":false},"excerpt":{"rendered":"<ul>\n<li>Genuine Velvet Leather &amp; #8211; Color to choose from the drop-down menu<\/li>\n<li>Pattern: Martian &amp; phosphorescent planet (glows in the night)<\/li>\n<li>Non-slip leather soles<\/li>\n<li>Possibility to add fur soles inside<\/li>\n<li>The leather slippers will be carefully wrapped in a satin bag<\/li>\n<\/ul>","protected":false},"featured_media":27684,"template":"","meta":[],"product_cat":[65,23],"product_tag":[25],"class_list":{"0":"post-13015","1":"product","2":"type-product","3":"status-publish","4":"has-post-thumbnail","6":"product_cat-les-phosphorescents","7":"product_cat-chausson-cuir-souple-bebe-enfant-adulte","8":"product_tag-garcon","9":"pa_fourrure-semelles-avec-fourrure","10":"pa_fourrure-semelles-sans-fourrure","11":"pa_taille-16-18-0-6-mois","12":"pa_taille-18-20-6-12-mois","13":"pa_taille-20-22-12-18-mois","14":"pa_taille-22-23-18-24-mois","15":"pa_taille-24-25","16":"pa_taille-26-27","17":"pa_taille-28-29","18":"pa_taille-30-31","19":"pa_taille-32-33","20":"pa_taille-34-35","21":"pa_taille-36-37","22":"pa_taille-38-39","23":"pa_taille-40-41","24":"pa_taille-42-43","25":"pa_taille-44-45","26":"pa_taille-46-47","27":"pa_taille-48-49","28":"wcpa_has_options","30":"first","31":"instock","32":"shipping-taxable","33":"purchasable","34":"product-type-composite"},"composite_virtual":false,"composite_layout":"single","composite_add_to_cart_form_location":"default","composite_editable_in_cart":false,"composite_sold_individually_context":"product","composite_shop_price_calc":"defaults","composite_components":[{"id":"1568129619","title":"Taille","description":"<p>Couleur<\/p>\n","query_type":"category_ids","query_ids":[49],"default_option_id":26661,"thumbnail_id":"","thumbnail_src":"","quantity_min":1,"quantity_max":1,"priced_individually":true,"shipped_individually":false,"optional":false,"discount":"","options_style":"dropdowns","pagination_style":"classic","display_prices":"hidden","show_sorting_options":false,"show_filtering_options":false,"attribute_filter_ids":[],"select_action":"view","product_title_visible":false,"product_descr_visible":false,"product_price_visible":false,"product_thumb_visible":false,"subtotal_visible_product":false,"subtotal_visible_cart":false,"subtotal_visible_orders":false},{"id":"1568129620","title":"Fourrure","description":"","query_type":"product_ids","query_ids":[26157],"default_option_id":26157,"thumbnail_id":"","thumbnail_src":"","quantity_min":1,"quantity_max":1,"priced_individually":true,"shipped_individually":false,"optional":false,"discount":"","options_style":"dropdowns","pagination_style":"classic","display_prices":"absolute","show_sorting_options":false,"show_filtering_options":false,"attribute_filter_ids":[],"select_action":"view","product_title_visible":false,"product_descr_visible":false,"product_price_visible":false,"product_thumb_visible":false,"subtotal_visible_product":false,"subtotal_visible_cart":false,"subtotal_visible_orders":false}],"composite_scenarios":[{"id":"1568129787","name":"Couleurs","description":"","configuration":[{"component_id":"1568129619","options_modifier":"in","component_options":[26824,26806,26860,26752,26734,26715,26697,26661,26643]}],"actions":[{"action_id":"compat_group","is_active":true},{"action_id":"conditional_components","is_active":false,"hidden_components":[]}],"enabled":true}],"yoast_head":"<!-- This site is optimized with the Yoast SEO plugin v23.3 - https:\/\/yoast.com\/wordpress\/plugins\/seo\/ -->\n<title>Chaussons cuir enfant Martien Phosphorescent - Misty Fruits<\/title>\n<meta name=\"description\" content=\"Chaussons en cuir phosphorescent qui brillent dans la nuit, ils sont confectionn\u00e9s en France dans un petit atelier fran\u00e7ais (au coeur de la Lorraine).\" \/>\n<meta name=\"robots\" content=\"index, follow, max-snippet:-1, max-image-preview:large, max-video-preview:-1\" \/>\n<link rel=\"canonical\" href=\"https:\/\/misty-fruits.com\/en\/boutique\/chausson-cuir-souple-bebe-enfant-adulte\/phosph-martien\/\" \/>\n<meta property=\"og:locale\" content=\"en_GB\" \/>\n<meta property=\"og:type\" content=\"article\" \/>\n<meta property=\"og:title\" content=\"Chaussons cuir enfant Martien Phosphorescent - Misty Fruits\" \/>\n<meta property=\"og:description\" content=\"Chaussons en cuir phosphorescent qui brillent dans la nuit, ils sont confectionn\u00e9s en France dans un petit atelier fran\u00e7ais (au coeur de la Lorraine).\" \/>\n<meta property=\"og:url\" content=\"https:\/\/misty-fruits.com\/en\/boutique\/chausson-cuir-souple-bebe-enfant-adulte\/phosph-martien\/\" \/>\n<meta property=\"og:site_name\" content=\"Misty Fruits\" \/>\n<meta property=\"article:publisher\" content=\"https:\/\/www.facebook.com\/Misty-Fruits-116614398385765\/\" \/>\n<meta property=\"article:modified_time\" content=\"2021-08-31T16:52:28+00:00\" \/>\n<meta property=\"og:image\" content=\"https:\/\/misty-fruits.com\/wp-content\/uploads\/2019\/09\/chaussons-cuir-souple-adulte-martien-misty-fruits-1.jpg\" \/>\n\t<meta property=\"og:image:width\" content=\"710\" \/>\n\t<meta property=\"og:image:height\" content=\"720\" \/>\n\t<meta property=\"og:image:type\" content=\"image\/jpeg\" \/>\n<meta name=\"twitter:card\" content=\"summary_large_image\" \/>\n<meta name=\"twitter:label1\" content=\"Estimated reading time\" \/>\n\t<meta name=\"twitter:data1\" content=\"1 minute\" \/>\n<script type=\"application\/ld+json\" class=\"yoast-schema-graph\">{\"@context\":\"https:\/\/schema.org\",\"@graph\":[{\"@type\":\"WebPage\",\"@id\":\"https:\/\/misty-fruits.com\/boutique\/chausson-cuir-souple-bebe-enfant-adulte\/phosph-martien\/\",\"url\":\"https:\/\/misty-fruits.com\/boutique\/chausson-cuir-souple-bebe-enfant-adulte\/phosph-martien\/\",\"name\":\"Chaussons cuir enfant Martien Phosphorescent - Misty Fruits\",\"isPartOf\":{\"@id\":\"https:\/\/misty-fruits.com\/#website\"},\"primaryImageOfPage\":{\"@id\":\"https:\/\/misty-fruits.com\/boutique\/chausson-cuir-souple-bebe-enfant-adulte\/phosph-martien\/#primaryimage\"},\"image\":{\"@id\":\"https:\/\/misty-fruits.com\/boutique\/chausson-cuir-souple-bebe-enfant-adulte\/phosph-martien\/#primaryimage\"},\"thumbnailUrl\":\"https:\/\/misty-fruits.com\/wp-content\/uploads\/2019\/09\/chaussons-cuir-souple-adulte-martien-misty-fruits-1.jpg\",\"datePublished\":\"2016-05-05T13:10:18+00:00\",\"dateModified\":\"2021-08-31T16:52:28+00:00\",\"description\":\"Chaussons en cuir phosphorescent qui brillent dans la nuit, ils sont confectionn\u00e9s en France dans un petit atelier fran\u00e7ais (au coeur de la Lorraine).\",\"breadcrumb\":{\"@id\":\"https:\/\/misty-fruits.com\/boutique\/chausson-cuir-souple-bebe-enfant-adulte\/phosph-martien\/#breadcrumb\"},\"inLanguage\":\"en-GB\",\"potentialAction\":[{\"@type\":\"ReadAction\",\"target\":[\"https:\/\/misty-fruits.com\/boutique\/chausson-cuir-souple-bebe-enfant-adulte\/phosph-martien\/\"]}]},{\"@type\":\"ImageObject\",\"inLanguage\":\"en-GB\",\"@id\":\"https:\/\/misty-fruits.com\/boutique\/chausson-cuir-souple-bebe-enfant-adulte\/phosph-martien\/#primaryimage\",\"url\":\"https:\/\/misty-fruits.com\/wp-content\/uploads\/2019\/09\/chaussons-cuir-souple-adulte-martien-misty-fruits-1.jpg\",\"contentUrl\":\"https:\/\/misty-fruits.com\/wp-content\/uploads\/2019\/09\/chaussons-cuir-souple-adulte-martien-misty-fruits-1.jpg\",\"width\":710,\"height\":720,\"caption\":\"chaussons cuir souple enfants b\u00e9b\u00e9s adultes martien phosphorescent misty fruits\"},{\"@type\":\"BreadcrumbList\",\"@id\":\"https:\/\/misty-fruits.com\/boutique\/chausson-cuir-souple-bebe-enfant-adulte\/phosph-martien\/#breadcrumb\",\"itemListElement\":[{\"@type\":\"ListItem\",\"position\":1,\"name\":\"Accueil\",\"item\":\"https:\/\/misty-fruits.com\/\"},{\"@type\":\"ListItem\",\"position\":2,\"name\":\"Produits\",\"item\":\"https:\/\/misty-fruits.com\/shop\/\"},{\"@type\":\"ListItem\",\"position\":3,\"name\":\"Martien PHOSPH&#8217;\"}]},{\"@type\":\"WebSite\",\"@id\":\"https:\/\/misty-fruits.com\/#website\",\"url\":\"https:\/\/misty-fruits.com\/\",\"name\":\"Misty Fruits\",\"description\":\"Chaussons en cuir souple pour enfants et adultes\",\"potentialAction\":[{\"@type\":\"SearchAction\",\"target\":{\"@type\":\"EntryPoint\",\"urlTemplate\":\"https:\/\/misty-fruits.com\/?s={search_term_string}\"},\"query-input\":\"required name=search_term_string\"}],\"inLanguage\":\"en-GB\"}]}<\/script>\n<!-- \/ Yoast SEO plugin. -->","yoast_head_json":{"title":"Chaussons cuir enfant Martien Phosphorescent - Misty Fruits","description":"Chaussons en cuir phosphorescent qui brillent dans la nuit, ils sont confectionn\u00e9s en France dans un petit atelier fran\u00e7ais (au coeur de la Lorraine).","robots":{"index":"index","follow":"follow","max-snippet":"max-snippet:-1","max-image-preview":"max-image-preview:large","max-video-preview":"max-video-preview:-1"},"canonical":"https:\/\/misty-fruits.com\/en\/boutique\/chausson-cuir-souple-bebe-enfant-adulte\/phosph-martien\/","og_locale":"en_GB","og_type":"article","og_title":"Chaussons cuir enfant Martien Phosphorescent - Misty Fruits","og_description":"Chaussons en cuir phosphorescent qui brillent dans la nuit, ils sont confectionn\u00e9s en France dans un petit atelier fran\u00e7ais (au coeur de la Lorraine).","og_url":"https:\/\/misty-fruits.com\/en\/boutique\/chausson-cuir-souple-bebe-enfant-adulte\/phosph-martien\/","og_site_name":"Misty Fruits","article_publisher":"https:\/\/www.facebook.com\/Misty-Fruits-116614398385765\/","article_modified_time":"2021-08-31T16:52:28+00:00","og_image":[{"width":710,"height":720,"url":"https:\/\/misty-fruits.com\/wp-content\/uploads\/2019\/09\/chaussons-cuir-souple-adulte-martien-misty-fruits-1.jpg","type":"image\/jpeg"}],"twitter_card":"summary_large_image","twitter_misc":{"Estimated reading time":"1 minute"},"schema":{"@context":"https:\/\/schema.org","@graph":[{"@type":"WebPage","@id":"https:\/\/misty-fruits.com\/boutique\/chausson-cuir-souple-bebe-enfant-adulte\/phosph-martien\/","url":"https:\/\/misty-fruits.com\/boutique\/chausson-cuir-souple-bebe-enfant-adulte\/phosph-martien\/","name":"Chaussons cuir enfant Martien Phosphorescent - Misty Fruits","isPartOf":{"@id":"https:\/\/misty-fruits.com\/#website"},"primaryImageOfPage":{"@id":"https:\/\/misty-fruits.com\/boutique\/chausson-cuir-souple-bebe-enfant-adulte\/phosph-martien\/#primaryimage"},"image":{"@id":"https:\/\/misty-fruits.com\/boutique\/chausson-cuir-souple-bebe-enfant-adulte\/phosph-martien\/#primaryimage"},"thumbnailUrl":"https:\/\/misty-fruits.com\/wp-content\/uploads\/2019\/09\/chaussons-cuir-souple-adulte-martien-misty-fruits-1.jpg","datePublished":"2016-05-05T13:10:18+00:00","dateModified":"2021-08-31T16:52:28+00:00","description":"Chaussons en cuir phosphorescent qui brillent dans la nuit, ils sont confectionn\u00e9s en France dans un petit atelier fran\u00e7ais (au coeur de la Lorraine).","breadcrumb":{"@id":"https:\/\/misty-fruits.com\/boutique\/chausson-cuir-souple-bebe-enfant-adulte\/phosph-martien\/#breadcrumb"},"inLanguage":"en-GB","potentialAction":[{"@type":"ReadAction","target":["https:\/\/misty-fruits.com\/boutique\/chausson-cuir-souple-bebe-enfant-adulte\/phosph-martien\/"]}]},{"@type":"ImageObject","inLanguage":"en-GB","@id":"https:\/\/misty-fruits.com\/boutique\/chausson-cuir-souple-bebe-enfant-adulte\/phosph-martien\/#primaryimage","url":"https:\/\/misty-fruits.com\/wp-content\/uploads\/2019\/09\/chaussons-cuir-souple-adulte-martien-misty-fruits-1.jpg","contentUrl":"https:\/\/misty-fruits.com\/wp-content\/uploads\/2019\/09\/chaussons-cuir-souple-adulte-martien-misty-fruits-1.jpg","width":710,"height":720,"caption":"chaussons cuir souple enfants b\u00e9b\u00e9s adultes martien phosphorescent misty fruits"},{"@type":"BreadcrumbList","@id":"https:\/\/misty-fruits.com\/boutique\/chausson-cuir-souple-bebe-enfant-adulte\/phosph-martien\/#breadcrumb","itemListElement":[{"@type":"ListItem","position":1,"name":"Accueil","item":"https:\/\/misty-fruits.com\/"},{"@type":"ListItem","position":2,"name":"Produits","item":"https:\/\/misty-fruits.com\/shop\/"},{"@type":"ListItem","position":3,"name":"Martien PHOSPH&#8217;"}]},{"@type":"WebSite","@id":"https:\/\/misty-fruits.com\/#website","url":"https:\/\/misty-fruits.com\/","name":"Misty Fruits","description":"Chaussons en cuir souple pour enfants et adultes","potentialAction":[{"@type":"SearchAction","target":{"@type":"EntryPoint","urlTemplate":"https:\/\/misty-fruits.com\/?s={search_term_string}"},"query-input":"required name=search_term_string"}],"inLanguage":"en-GB"}]}},"_links":{"self":[{"href":"https:\/\/misty-fruits.com\/en\/wp-json\/wp\/v2\/product\/13015"}],"collection":[{"href":"https:\/\/misty-fruits.com\/en\/wp-json\/wp\/v2\/product"}],"about":[{"href":"https:\/\/misty-fruits.com\/en\/wp-json\/wp\/v2\/types\/product"}],"wp:featuredmedia":[{"embeddable":true,"href":"https:\/\/misty-fruits.com\/en\/wp-json\/wp\/v2\/media\/27684"}],"wp:attachment":[{"href":"https:\/\/misty-fruits.com\/en\/wp-json\/wp\/v2\/media?parent=13015"}],"wp:term":[{"taxonomy":"product_cat","embeddable":true,"href":"https:\/\/misty-fruits.com\/en\/wp-json\/wp\/v2\/product_cat?post=13015"},{"taxonomy":"product_tag","embeddable":true,"href":"https:\/\/misty-fruits.com\/en\/wp-json\/wp\/v2\/product_tag?post=13015"}],"curies":[{"name":"wp","href":"https:\/\/api.w.org\/{rel}","templated":true}]}}