{"id":57,"date":"2019-09-02T14:32:19","date_gmt":"2019-09-02T12:32:19","guid":{"rendered":"https:\/\/misty-fruits.com\/?page_id=57"},"modified":"2019-11-20T21:44:36","modified_gmt":"2019-11-20T20:44:36","slug":"la-marque","status":"publish","type":"page","link":"https:\/\/misty-fruits.com\/en\/la-marque\/","title":{"rendered":"The brand"},"content":{"rendered":"<div id=\"page-header-957920995\" class=\"page-header-wrapper\">\n  <div class=\"page-title light normal-title\">\n\n        <div class=\"page-title-bg\">\n      <div class=\"title-bg fill bg-fill\"\n        data-parallax-container=\".page-title\"\n        data-parallax-background\n data-parallax=\"-\">\n      <\/div>\n      <div class=\"title-overlay fill\"><\/div>\n    <\/div>\n    \n    <div class=\"page-title-inner container align-center text-center flex-row-col medium-flex-wrap\" >\n              <div class=\"title-wrapper flex-col\">\n          <h1 class=\"entry-title mb-0\">\n            The brand          <\/h1>\n        <\/div>\n                    <div class=\"title-content flex-col\">\n        <ul class=\"nav sm-touch-scroll nav-divided nav-uppercase text-center nav-center\"><li class=\"nav-single-page hidden\"><\/li><\/ul>      <\/div>\n    <\/div>\n\n     \n<style>\n#page-header-957920995 .page-title-inner {\n  min-height: 130px;\n}\n#page-header-957920995 {\n  margin-bottom: 0px;\n}\n#page-header-957920995 .title-overlay {\n  background-color: rgb(255, 246, 246);\n}\n#page-header-957920995 .normal-title {\n  background-color: rgb(255, 255, 255);\n}\n<\/style>\n  <\/div>\n    <\/div>\n  \n\n\t<section class=\"section indexup\" id=\"section_1449251785\">\n\t\t<div class=\"bg section-bg fill bg-fill  bg-loaded\" >\n\n\t\t\t\n\t\t\t\n\t\t\t\n\t<div class=\"is-border\"\n\t\tstyle=\"border-color:rgb(248, 248, 248);border-width:1 0px 1px 0px;\">\n\t<\/div>\n\n\t\t<\/div>\n\n\t\t<div class=\"section-content relative\">\n\t\t\t\n\n<div class=\"row\"  id=\"row-1562155182\">\n\n\n\t<div id=\"col-1835542803\" class=\"col small-12 large-12\"  >\n\t\t<div class=\"col-inner\"  >\n\t\t\t\n\t\t\t\n\n<span class=\"scroll-to\" data-label=\"Scroll to: #quelquesmots\" data-bullet=\"false\" data-link=\"#quelquesmots\" data-title=\"Quelques mots\"><a name=\"quelquesmots\"><\/a><\/span>\n\n<div class=\"container section-title-container\" ><h2 class=\"section-title section-title-normal\"><b><\/b><span class=\"section-title-main\" >In a few words<\/span><b><\/b><\/h2><\/div>\n\n\t<div class=\"img has-hover x md-x lg-x y md-y lg-y\" id=\"image_372348376\">\n\t\t\t\t\t\t<div data-animate=\"fadeInDown\">\t\t<div class=\"img-inner image-cover box-shadow-5 dark\" style=\"padding-top:56.25%;\">\n\t\t\t<img loading=\"lazy\" decoding=\"async\" width=\"1500\" height=\"1000\" src=\"https:\/\/misty-fruits.com\/wp-content\/uploads\/2019\/11\/MF.jpg\" class=\"attachment-original size-original\" alt=\"\" srcset=\"https:\/\/misty-fruits.com\/wp-content\/uploads\/2019\/11\/MF.jpg 1500w, https:\/\/misty-fruits.com\/wp-content\/uploads\/2019\/11\/MF-300x200.jpg 300w, https:\/\/misty-fruits.com\/wp-content\/uploads\/2019\/11\/MF-768x512.jpg 768w, https:\/\/misty-fruits.com\/wp-content\/uploads\/2019\/11\/MF-1024x683.jpg 1024w, https:\/\/misty-fruits.com\/wp-content\/uploads\/2019\/11\/MF-247x165.jpg 247w, https:\/\/misty-fruits.com\/wp-content\/uploads\/2019\/11\/MF-510x340.jpg 510w\" sizes=\"(max-width: 1500px) 100vw, 1500px\" \/>\t\t\t\t\t\t\n\t\t\t\t\t<\/div>\n\t\t<\/div>\t\t\t\t\t\t\n<style>\n#image_372348376 {\n  width: 70%;\n}\n<\/style>\n\t<\/div>\n\t\n\n\t<div id=\"gap-2010958901\" class=\"gap-element clearfix\" style=\"display:block; height:auto;\">\n\t\t\n<style>\n#gap-2010958901 {\n  padding-top: 30px;\n}\n<\/style>\n\t<\/div>\n\t\n\n<p>... a mother filled with two children: <strong>Ana\u00efs and Enzo.<\/strong><\/p>\n<p>C&rsquo;est en me documentant que j&rsquo;apprends l&rsquo;int\u00e9r\u00eat de laisser les pieds d&rsquo;un b\u00e9b\u00e9 en totale libert\u00e9.<br \/><strong>The leather<\/strong> being the most versatile material, I select some quality pieces from a <strong>Parisian skinner<\/strong> and make some pairs for my treasures.<br \/>Seeing them run, jump and play without being embarrassed, I understand the benefits of this type of slippers and take steps to <strong>craft creation<\/strong>.<br \/>Passionate about this manual and creative work, I launch in 2009 my collection and open my online store called <strong>Misty fruits<\/strong>.<\/p>\n\n\t\t<\/div>\n\t\t\t<\/div>\n\n\t\n\n<\/div>\n\n\t\t<\/div>\n\n\t\t\n<style>\n#section_1449251785 {\n  padding-top: 0px;\n  padding-bottom: 0px;\n}\n<\/style>\n\t<\/section>\n\t\n\t<section class=\"section\" id=\"section_578456810\">\n\t\t<div class=\"bg section-bg fill bg-fill  bg-loaded\" >\n\n\t\t\t\n\t\t\t\n\t\t\t\n\t<div class=\"is-border\"\n\t\tstyle=\"border-color:rgb(248, 248, 248);border-width:0px 0px 1px 0px;margin:0px 0px 5 0px;\">\n\t<\/div>\n\n\t\t<\/div>\n\n\t\t<div class=\"section-content relative\">\n\t\t\t\n\n<div class=\"row\"  id=\"row-1776235349\">\n\n\n\t<div id=\"col-1888927543\" class=\"col small-12 large-12\"  >\n\t\t<div class=\"col-inner\"  >\n\t\t\t\n\t\t\t\n\n<div class=\"row\"  id=\"row-1310576646\">\n\n\n\t<div id=\"col-744539544\" class=\"col medium-8 small-12 large-8\"  >\n\t\t<div class=\"col-inner\"  >\n\t\t\t\n\t\t\t\n\n<span class=\"scroll-to\" data-label=\"Scroll to: #artisanat\" data-bullet=\"false\" data-link=\"#artisanat\" data-title=\"Artisanat fran\u00e7ais\"><a name=\"artisanat\"><\/a><\/span>\n\n<div class=\"container section-title-container\" ><h2 class=\"section-title section-title-normal\"><b><\/b><span class=\"section-title-main\" >French crafts<\/span><b><\/b><\/h2><\/div>\n\n\t<div class=\"img has-hover x md-x lg-x y md-y lg-y\" id=\"image_1239552503\">\n\t\t<a class=\"image-lightbox lightbox-gallery\" title=\"\" href=\"https:\/\/misty-fruits.com\/wp-content\/uploads\/2019\/09\/logo-hblck-300x48.png\">\t\t\t\t\t\t<div class=\"img-inner dark\" >\n\t\t\t<img loading=\"lazy\" decoding=\"async\" width=\"300\" height=\"48\" src=\"https:\/\/misty-fruits.com\/wp-content\/uploads\/2019\/09\/logo-hblck-300x48.png\" class=\"attachment-large size-large\" alt=\"&nbsp;\u00ab 100% artisan &nbsp;\u00bb - Depuis 2018\" srcset=\"https:\/\/misty-fruits.com\/wp-content\/uploads\/2019\/09\/logo-hblck-300x48.png 300w, https:\/\/misty-fruits.com\/wp-content\/uploads\/2019\/09\/logo-hblck-300x48-247x40.png 247w\" sizes=\"(max-width: 300px) 100vw, 300px\" \/>\t\t\t\t\t\t\n\t\t\t\t\t\t\t<div class=\"caption\">&nbsp;\u00ab 100% artisan &nbsp;\u00bb - Depuis 2018<\/div>\n\t\t\t\t\t<\/div>\n\t\t\t\t\t\t<\/a>\t\t\n<style>\n#image_1239552503 {\n  width: 26%;\n}\n<\/style>\n\t<\/div>\n\t\n\n<h3>Artisanal creation and confection<\/h3>\n<p>Each pair is meticulously handcrafted in France (Lorraine).<\/p>\n<p><a href=\"https:\/\/misty-fruits.com\/en\/latelier\/\">Click to visit our workshop!<\/a><\/p>\n\n\t\t<\/div>\n\t\t\t<\/div>\n\n\t\n\n<\/div>\n\t<div class=\"img has-hover x md-x lg-x y md-y lg-y\" id=\"image_1542549263\">\n\t\t<a class=\"image-lightbox lightbox-gallery\" title=\"\" href=\"https:\/\/misty-fruits.com\/wp-content\/uploads\/2019\/09\/artisan-createur.jpg\">\t\t\t\t\t\t<div class=\"img-inner dark\" >\n\t\t\t<img loading=\"lazy\" decoding=\"async\" width=\"1000\" height=\"707\" src=\"https:\/\/misty-fruits.com\/wp-content\/uploads\/2019\/09\/artisan-createur.jpg\" class=\"attachment-large size-large\" alt=\"&nbsp;\u00ab Artisan Cr\u00e9ateur &nbsp;\u00bb - Depuis 2009\" srcset=\"https:\/\/misty-fruits.com\/wp-content\/uploads\/2019\/09\/artisan-createur.jpg 1000w, https:\/\/misty-fruits.com\/wp-content\/uploads\/2019\/09\/artisan-createur-247x175.jpg 247w, https:\/\/misty-fruits.com\/wp-content\/uploads\/2019\/09\/artisan-createur-300x212.jpg 300w, https:\/\/misty-fruits.com\/wp-content\/uploads\/2019\/09\/artisan-createur-768x543.jpg 768w, https:\/\/misty-fruits.com\/wp-content\/uploads\/2019\/09\/artisan-createur-510x361.jpg 510w\" sizes=\"(max-width: 1000px) 100vw, 1000px\" \/>\t\t\t\t\t\t\n\t\t\t\t\t\t\t<div class=\"caption\">&nbsp;\u00ab Artisan Cr\u00e9ateur &nbsp;\u00bb - Depuis 2009<\/div>\n\t\t\t\t\t<\/div>\n\t\t\t\t\t\t<\/a>\t\t\n<style>\n#image_1542549263 {\n  width: 71%;\n}\n<\/style>\n\t<\/div>\n\t\n\n<h3>Why soft leather slippers?<\/h3>\n<ul>\n<li>Ma volont\u00e9 \u00e0 travers l&rsquo;utilisation exclusive du cuir est d&rsquo;offrir aux enfants cette sensation agr\u00e9able de&nbsp;<strong>second skin<\/strong>.<\/li>\n<li>Le cuir a l&rsquo;avantage de laisser <strong>breathe<\/strong>&nbsp;feet he <strong>protected<\/strong>&nbsp;des changements de temp\u00e9rature, de l&rsquo;humidit\u00e9 et des blessures.<\/li>\n<li><strong>Flexible, flexible and soft<\/strong>&nbsp;; les chaussons en cuir Misty Fruits s&rsquo;adaptent \u00e0 la forme et \u00e0 la taille du pied de l&rsquo;enfant.<\/li>\n<\/ul>\n\t<div class=\"img has-hover x md-x lg-x y md-y lg-y\" id=\"image_1040838225\">\n\t\t\t\t\t\t\t\t<div class=\"img-inner dark\" >\n\t\t\t<img loading=\"lazy\" decoding=\"async\" width=\"468\" height=\"312\" src=\"https:\/\/misty-fruits.com\/wp-content\/uploads\/2019\/10\/made-in-france.png\" class=\"attachment-original size-original\" alt=\"\" srcset=\"https:\/\/misty-fruits.com\/wp-content\/uploads\/2019\/10\/made-in-france.png 468w, https:\/\/misty-fruits.com\/wp-content\/uploads\/2019\/10\/made-in-france-300x200.png 300w, https:\/\/misty-fruits.com\/wp-content\/uploads\/2019\/10\/made-in-france-247x165.png 247w\" sizes=\"(max-width: 468px) 100vw, 468px\" \/>\t\t\t\t\t\t\n\t\t\t\t\t<\/div>\n\t\t\t\t\t\t\t\t\n<style>\n#image_1040838225 {\n  width: 8%;\n}\n<\/style>\n\t<\/div>\n\t\n\n<h3>Well being and comfort<\/h3>\n<ul>\n<li><strong>Elastic ankle band<\/strong> : les chaussons en cuir s&rsquo;enfilent facilement et restent bien en place.<\/li>\n<li><strong>Non-slip leather soles<\/strong>&nbsp;: comme une seconde peau protectrice qui permet \u00e0 l&rsquo;enfant de ne pas glisser.<\/li>\n<li><strong>&quot;Silent&quot; soles<\/strong>&nbsp;: children can run and jump, slippers will make no noise.<\/li>\n<li><strong>Soft leather<\/strong>&nbsp;: les chaussons Misty Fruits s&rsquo;adaptent \u00e0 la forme et \u00e0 la taille du pied. L&rsquo;avantage du cuir : il tient chaud l&rsquo;hiver et laisse respirer les pieds en \u00e9t\u00e9.<\/li>\n<li><strong>No perspiration<\/strong>&nbsp;: the leather lets breathe their little feet, assuring them freshness and comfort.<\/li>\n<li><strong>Right foot and left foot<\/strong>&nbsp;: the soles are cut so as to differentiate perfectly the right foot from the left foot.<\/li>\n<li><strong>Touch sensations<\/strong>&nbsp;: ce qu&rsquo;il y a de mieux apr\u00e8s la marche pieds nus ; tous les mouvements de l&rsquo;enfant sont possibles : la plante du pied est bien \u00e9tal\u00e9e sur le sol, les orteils ne sont pas comprim\u00e9s.<\/li>\n<li><strong>Foot growth<\/strong>&nbsp;: the muscles of the foot and ankle strengthen, the arch of the plant develops naturally.<\/li>\n<li><strong>Ideal gift<\/strong>&nbsp;: original, cute and useful, the Misty Fruits slippers are perfect for a birthday gift, a birthday, Christmas or for any other occasion.<\/li>\n<\/ul>\n\n\t\t<\/div>\n\t\t\t<\/div>\n\n\t\n\n<\/div>\n\n\t\t<\/div>\n\n\t\t\n<style>\n#section_578456810 {\n  padding-top: 0px;\n  padding-bottom: 0px;\n  margin-bottom: 5px;\n  min-height: 0px;\n  background-color: rgb(253, 253, 253);\n}\n<\/style>\n\t<\/section>\n\t\n<span class=\"scroll-to\" data-label=\"Scroll to: #normeetsecurite\" data-bullet=\"false\" data-link=\"#normeetsecurite\" data-title=\"Norme et s\u00e9curit\u00e9\"><a name=\"normeetsecurite\"><\/a><\/span>\n\n\t<section class=\"section\" id=\"section_1687889305\">\n\t\t<div class=\"bg section-bg fill bg-fill  bg-loaded\" >\n\n\t\t\t\n\t\t\t\n\t\t\t\n\t<div class=\"is-border\"\n\t\tstyle=\"border-color:rgb(248, 248, 248);border-width:0px 0px 1px 00px;\">\n\t<\/div>\n\n\t\t<\/div>\n\n\t\t<div class=\"section-content relative\">\n\t\t\t\n\n<div class=\"row\"  id=\"row-1575968416\">\n\n\n\t<div id=\"col-1376696602\" class=\"col small-12 large-12\"  >\n\t\t<div class=\"col-inner\"  >\n\t\t\t\n\t\t\t\n\n<div class=\"container section-title-container\" ><h2 class=\"section-title section-title-normal\"><b><\/b><span class=\"section-title-main\" >Standard and security<\/span><b><\/b><\/h2><\/div>\n\n<ul>\n<li><strong>Origin<\/strong> :&nbsp;<span id=\"tr_23\" class=\"tr_\" data-source=\"1\" data-token=\"Y3VpciBkZSBxdWFsaXTDqQ,,\">quality leather<\/span>&nbsp;selected at&nbsp;<strong>prestigious skinners in France and Italy<\/strong><\/li>\n<li><strong>Leather and dyes<\/strong> used are in accordance with&nbsp;<strong>strict safety standards <\/strong>et certifi\u00e9s par nos fournisseurs (absence de produits toxiques, colorants azo\u00efques, PCP, chrome VI\u2026 ), il n&rsquo;y a aucun danger si b\u00e9b\u00e9 porte les chaussons \u00e0 la bouche (<strong>REACH certification<\/strong>).<\/li>\n<\/ul>\n\n\t\t<\/div>\n\t\t\t<\/div>\n\n\t\n\n<\/div>\n\n\t\t<\/div>\n\n\t\t\n<style>\n#section_1687889305 {\n  padding-top: 0px;\n  padding-bottom: 0px;\n}\n<\/style>\n\t<\/section>","protected":false},"excerpt":{"rendered":"","protected":false},"author":1,"featured_media":0,"parent":0,"menu_order":0,"comment_status":"closed","ping_status":"closed","template":"","meta":{"footnotes":""},"class_list":["post-57","page","type-page","status-publish","hentry"],"yoast_head":"<!-- This site is optimized with the Yoast SEO plugin v23.3 - https:\/\/yoast.com\/wordpress\/plugins\/seo\/ -->\n<title>La Marque - Misty Fruits<\/title>\n<meta name=\"robots\" content=\"index, follow, max-snippet:-1, max-image-preview:large, max-video-preview:-1\" \/>\n<link rel=\"canonical\" href=\"https:\/\/misty-fruits.com\/en\/la-marque\/\" \/>\n<meta property=\"og:locale\" content=\"en_GB\" \/>\n<meta property=\"og:type\" content=\"article\" \/>\n<meta property=\"og:title\" content=\"La Marque - Misty Fruits\" \/>\n<meta property=\"og:url\" content=\"https:\/\/misty-fruits.com\/en\/la-marque\/\" \/>\n<meta property=\"og:site_name\" content=\"Misty Fruits\" \/>\n<meta property=\"article:publisher\" content=\"https:\/\/www.facebook.com\/Misty-Fruits-116614398385765\/\" \/>\n<meta property=\"article:modified_time\" content=\"2019-11-20T20:44:36+00:00\" \/>\n<meta name=\"twitter:card\" content=\"summary_large_image\" \/>\n<meta name=\"twitter:label1\" content=\"Estimated reading time\" \/>\n\t<meta name=\"twitter:data1\" content=\"3 minutes\" \/>\n<script type=\"application\/ld+json\" class=\"yoast-schema-graph\">{\"@context\":\"https:\/\/schema.org\",\"@graph\":[{\"@type\":\"WebPage\",\"@id\":\"https:\/\/misty-fruits.com\/la-marque\/\",\"url\":\"https:\/\/misty-fruits.com\/la-marque\/\",\"name\":\"La Marque - Misty Fruits\",\"isPartOf\":{\"@id\":\"https:\/\/misty-fruits.com\/#website\"},\"datePublished\":\"2019-09-02T12:32:19+00:00\",\"dateModified\":\"2019-11-20T20:44:36+00:00\",\"breadcrumb\":{\"@id\":\"https:\/\/misty-fruits.com\/la-marque\/#breadcrumb\"},\"inLanguage\":\"en-GB\",\"potentialAction\":[{\"@type\":\"ReadAction\",\"target\":[\"https:\/\/misty-fruits.com\/la-marque\/\"]}]},{\"@type\":\"BreadcrumbList\",\"@id\":\"https:\/\/misty-fruits.com\/la-marque\/#breadcrumb\",\"itemListElement\":[{\"@type\":\"ListItem\",\"position\":1,\"name\":\"Accueil\",\"item\":\"https:\/\/misty-fruits.com\/\"},{\"@type\":\"ListItem\",\"position\":2,\"name\":\"La Marque\"}]},{\"@type\":\"WebSite\",\"@id\":\"https:\/\/misty-fruits.com\/#website\",\"url\":\"https:\/\/misty-fruits.com\/\",\"name\":\"Misty Fruits\",\"description\":\"Chaussons en cuir souple pour enfants et adultes\",\"potentialAction\":[{\"@type\":\"SearchAction\",\"target\":{\"@type\":\"EntryPoint\",\"urlTemplate\":\"https:\/\/misty-fruits.com\/?s={search_term_string}\"},\"query-input\":\"required name=search_term_string\"}],\"inLanguage\":\"en-GB\"}]}<\/script>\n<!-- \/ Yoast SEO plugin. -->","yoast_head_json":{"title":"La Marque - Misty Fruits","robots":{"index":"index","follow":"follow","max-snippet":"max-snippet:-1","max-image-preview":"max-image-preview:large","max-video-preview":"max-video-preview:-1"},"canonical":"https:\/\/misty-fruits.com\/en\/la-marque\/","og_locale":"en_GB","og_type":"article","og_title":"La Marque - Misty Fruits","og_url":"https:\/\/misty-fruits.com\/en\/la-marque\/","og_site_name":"Misty Fruits","article_publisher":"https:\/\/www.facebook.com\/Misty-Fruits-116614398385765\/","article_modified_time":"2019-11-20T20:44:36+00:00","twitter_card":"summary_large_image","twitter_misc":{"Estimated reading time":"3 minutes"},"schema":{"@context":"https:\/\/schema.org","@graph":[{"@type":"WebPage","@id":"https:\/\/misty-fruits.com\/la-marque\/","url":"https:\/\/misty-fruits.com\/la-marque\/","name":"La Marque - Misty Fruits","isPartOf":{"@id":"https:\/\/misty-fruits.com\/#website"},"datePublished":"2019-09-02T12:32:19+00:00","dateModified":"2019-11-20T20:44:36+00:00","breadcrumb":{"@id":"https:\/\/misty-fruits.com\/la-marque\/#breadcrumb"},"inLanguage":"en-GB","potentialAction":[{"@type":"ReadAction","target":["https:\/\/misty-fruits.com\/la-marque\/"]}]},{"@type":"BreadcrumbList","@id":"https:\/\/misty-fruits.com\/la-marque\/#breadcrumb","itemListElement":[{"@type":"ListItem","position":1,"name":"Accueil","item":"https:\/\/misty-fruits.com\/"},{"@type":"ListItem","position":2,"name":"La Marque"}]},{"@type":"WebSite","@id":"https:\/\/misty-fruits.com\/#website","url":"https:\/\/misty-fruits.com\/","name":"Misty Fruits","description":"Chaussons en cuir souple pour enfants et adultes","potentialAction":[{"@type":"SearchAction","target":{"@type":"EntryPoint","urlTemplate":"https:\/\/misty-fruits.com\/?s={search_term_string}"},"query-input":"required name=search_term_string"}],"inLanguage":"en-GB"}]}},"_links":{"self":[{"href":"https:\/\/misty-fruits.com\/en\/wp-json\/wp\/v2\/pages\/57"}],"collection":[{"href":"https:\/\/misty-fruits.com\/en\/wp-json\/wp\/v2\/pages"}],"about":[{"href":"https:\/\/misty-fruits.com\/en\/wp-json\/wp\/v2\/types\/page"}],"author":[{"embeddable":true,"href":"https:\/\/misty-fruits.com\/en\/wp-json\/wp\/v2\/users\/1"}],"replies":[{"embeddable":true,"href":"https:\/\/misty-fruits.com\/en\/wp-json\/wp\/v2\/comments?post=57"}],"version-history":[{"count":2,"href":"https:\/\/misty-fruits.com\/en\/wp-json\/wp\/v2\/pages\/57\/revisions"}],"predecessor-version":[{"id":29036,"href":"https:\/\/misty-fruits.com\/en\/wp-json\/wp\/v2\/pages\/57\/revisions\/29036"}],"wp:attachment":[{"href":"https:\/\/misty-fruits.com\/en\/wp-json\/wp\/v2\/media?parent=57"}],"curies":[{"name":"wp","href":"https:\/\/api.w.org\/{rel}","templated":true}]}}